{"id":5051,"date":"2021-06-11T01:53:38","date_gmt":"2021-06-10T23:53:38","guid":{"rendered":"https:\/\/bestdyno.com\/historisch\/"},"modified":"2021-06-11T02:20:35","modified_gmt":"2021-06-11T00:20:35","slug":"historisch","status":"publish","type":"page","link":"https:\/\/bestdyno.com\/de\/historisch\/","title":{"rendered":"Historisch"},"content":{"rendered":"<div class=\"fusion-fullwidth fullwidth-box fusion-builder-row-1 fusion-flex-container nonhundred-percent-fullwidth non-hundred-percent-height-scrolling container-img-gauche\" style=\"--awb-border-radius-top-left:0px;--awb-border-radius-top-right:0px;--awb-border-radius-bottom-right:0px;--awb-border-radius-bottom-left:0px;--awb-flex-wrap:wrap;\" ><div class=\"fusion-builder-row fusion-row fusion-flex-align-items-center fusion-flex-justify-content-center fusion-flex-content-wrap\" style=\"max-width:1144px;margin-left: calc(-4% \/ 2 );margin-right: calc(-4% \/ 2 );\"><div class=\"fusion-layout-column fusion_builder_column fusion-builder-column-0 fusion_builder_column_1_1 1_1 fusion-flex-column\" style=\"--awb-bg-size:cover;--awb-width-large:100%;--awb-margin-top-large:0px;--awb-spacing-right-large:1.92%;--awb-margin-bottom-large:0px;--awb-spacing-left-large:1.92%;--awb-width-medium:100%;--awb-order-medium:0;--awb-spacing-right-medium:1.92%;--awb-spacing-left-medium:1.92%;--awb-width-small:100%;--awb-order-small:0;--awb-spacing-right-small:1.92%;--awb-spacing-left-small:1.92%;\"><div class=\"fusion-column-wrapper fusion-column-has-shadow fusion-flex-justify-content-flex-start fusion-content-layout-column\"><div class=\"fusion-text fusion-text-1\" style=\"--awb-content-alignment:center;\"><h1>Rotronics-Geschichte<\/h1>\n<h2>\u00dcber 30 Jahre Geschichte<\/h2>\n<p>Rotronics ist ein Unternehmen mit Sitz in La Roche sur Foron in Haute-Savoie, Frankreich. Es wurde 1990 von Yves &amp; Christian Rosnoblet ins Leben gerufen, um ihre ersten Kunden aus dem Bereich ihrer Leidenschaft zufriedenzustellen: dem Motorradrennsport auf hohem Niveau. So entwickelte und lieferte Rotronics seine ersten Motorpr\u00fcfstands-Managementsysteme und wurde schnell zum Ma\u00dfstab.<\/p>\n<p>Ab 1993 entwickelte Rotronics mehrere Standardprodukte wie den ersten Autoscan, dessen Allradversion die erste synchronisierte Bank auf dem Markt war. Agriscan, die zur Messung der Leistung von Traktoren bestimmte Bank, erblickte ebenfalls in dieser Zeit das Licht der Welt, sowie viele andere Produkte, die alle spezifischen Anwendungen entsprechen. Diese B\u00e4nke haben es Rotronics erm\u00f6glicht, sich in mehreren M\u00e4rkten wie Autorennen, Kartsport, technischer Ausbildung, Landmaschinen und Stra\u00dfenoptimierung zu entwickeln.<\/p>\n<p>In drei\u00dfig Jahren hat sich Rotronics zu einem der wichtigsten Player auf seinem Gebiet entwickelt. W\u00e4hrend dieser Zeit hat Rotronics nie die Innovation vergessen, indem es mehrere Errungenschaften speziell auf Spezifikationen ausgerichtet hat und best\u00e4tigt damit seine Glaubw\u00fcrdigkeit und sein Know-how in Industrie und Forschung und Entwicklung.<\/p>\n<p>Durch diese Erfahrung von fast drei Jahrzehnten verf\u00fcgt Rotronics \u00fcber exzellentes Know-how in Design, Herstellung, Vermarktung und Wartung seiner Produkte.<\/p>\n<\/div><\/div><\/div><\/div><\/div>\n","protected":false},"excerpt":{"rendered":"","protected":false},"author":2,"featured_media":0,"parent":0,"menu_order":0,"comment_status":"closed","ping_status":"closed","template":"100-width.php","meta":{"footnotes":""},"class_list":["post-5051","page","type-page","status-publish","hentry"],"yoast_head":"<!-- This site is optimized with the Yoast SEO plugin v27.4 - https:\/\/yoast.com\/product\/yoast-seo-wordpress\/ -->\n<title>Historisch<\/title>\n<meta name=\"robots\" content=\"index, follow, max-snippet:-1, max-image-preview:large, max-video-preview:-1\" \/>\n<link rel=\"canonical\" href=\"https:\/\/bestdyno.com\/de\/historisch\/\" \/>\n<meta property=\"og:locale\" content=\"de_DE\" \/>\n<meta property=\"og:type\" content=\"article\" \/>\n<meta property=\"og:title\" content=\"Historisch\" \/>\n<meta property=\"og:url\" content=\"https:\/\/bestdyno.com\/de\/historisch\/\" \/>\n<meta property=\"og:site_name\" content=\"BestDyno\" \/>\n<meta property=\"article:modified_time\" content=\"2021-06-11T00:20:35+00:00\" \/>\n<meta property=\"og:image\" content=\"https:\/\/bestdyno.com\/wp-content\/uploads\/2023\/02\/rotronics-logo.png\" \/>\n\t<meta property=\"og:image:width\" content=\"1200\" \/>\n\t<meta property=\"og:image:height\" content=\"675\" \/>\n\t<meta property=\"og:image:type\" content=\"image\/png\" \/>\n<meta name=\"twitter:card\" content=\"summary_large_image\" \/>\n<meta name=\"twitter:label1\" content=\"Gesch\u00e4tzte Lesezeit\" \/>\n\t<meta name=\"twitter:data1\" content=\"4\u00a0Minuten\" \/>\n<script type=\"application\/ld+json\" class=\"yoast-schema-graph\">{\"@context\":\"https:\\\/\\\/schema.org\",\"@graph\":[{\"@type\":\"WebPage\",\"@id\":\"https:\\\/\\\/bestdyno.com\\\/de\\\/historisch\\\/\",\"url\":\"https:\\\/\\\/bestdyno.com\\\/de\\\/historisch\\\/\",\"name\":\"Historisch\",\"isPartOf\":{\"@id\":\"https:\\\/\\\/bestdyno.com\\\/de\\\/#website\"},\"datePublished\":\"2021-06-10T23:53:38+00:00\",\"dateModified\":\"2021-06-11T00:20:35+00:00\",\"inLanguage\":\"de\",\"potentialAction\":[{\"@type\":\"ReadAction\",\"target\":[\"https:\\\/\\\/bestdyno.com\\\/de\\\/historisch\\\/\"]}]},{\"@type\":\"WebSite\",\"@id\":\"https:\\\/\\\/bestdyno.com\\\/de\\\/#website\",\"url\":\"https:\\\/\\\/bestdyno.com\\\/de\\\/\",\"name\":\"BestDyno\",\"description\":\"Leader du banc d&#039;essai\",\"publisher\":{\"@id\":\"https:\\\/\\\/bestdyno.com\\\/de\\\/#organization\"},\"potentialAction\":[{\"@type\":\"SearchAction\",\"target\":{\"@type\":\"EntryPoint\",\"urlTemplate\":\"https:\\\/\\\/bestdyno.com\\\/de\\\/?s={search_term_string}\"},\"query-input\":{\"@type\":\"PropertyValueSpecification\",\"valueRequired\":true,\"valueName\":\"search_term_string\"}}],\"inLanguage\":\"de\"},{\"@type\":\"Organization\",\"@id\":\"https:\\\/\\\/bestdyno.com\\\/de\\\/#organization\",\"name\":\"BestDyno - Rotronics\",\"url\":\"https:\\\/\\\/bestdyno.com\\\/de\\\/\",\"logo\":{\"@type\":\"ImageObject\",\"inLanguage\":\"de\",\"@id\":\"https:\\\/\\\/bestdyno.com\\\/de\\\/#\\\/schema\\\/logo\\\/image\\\/\",\"url\":\"https:\\\/\\\/bestdyno.com\\\/wp-content\\\/uploads\\\/2023\\\/02\\\/rotronics-log.png\",\"contentUrl\":\"https:\\\/\\\/bestdyno.com\\\/wp-content\\\/uploads\\\/2023\\\/02\\\/rotronics-log.png\",\"width\":696,\"height\":696,\"caption\":\"BestDyno - Rotronics\"},\"image\":{\"@id\":\"https:\\\/\\\/bestdyno.com\\\/de\\\/#\\\/schema\\\/logo\\\/image\\\/\"}}]}<\/script>\n<!-- \/ Yoast SEO plugin. -->","yoast_head_json":{"title":"Historisch","robots":{"index":"index","follow":"follow","max-snippet":"max-snippet:-1","max-image-preview":"max-image-preview:large","max-video-preview":"max-video-preview:-1"},"canonical":"https:\/\/bestdyno.com\/de\/historisch\/","og_locale":"de_DE","og_type":"article","og_title":"Historisch","og_url":"https:\/\/bestdyno.com\/de\/historisch\/","og_site_name":"BestDyno","article_modified_time":"2021-06-11T00:20:35+00:00","og_image":[{"width":1200,"height":675,"url":"https:\/\/bestdyno.com\/wp-content\/uploads\/2023\/02\/rotronics-logo.png","type":"image\/png"}],"twitter_card":"summary_large_image","twitter_misc":{"Gesch\u00e4tzte Lesezeit":"4\u00a0Minuten"},"schema":{"@context":"https:\/\/schema.org","@graph":[{"@type":"WebPage","@id":"https:\/\/bestdyno.com\/de\/historisch\/","url":"https:\/\/bestdyno.com\/de\/historisch\/","name":"Historisch","isPartOf":{"@id":"https:\/\/bestdyno.com\/de\/#website"},"datePublished":"2021-06-10T23:53:38+00:00","dateModified":"2021-06-11T00:20:35+00:00","inLanguage":"de","potentialAction":[{"@type":"ReadAction","target":["https:\/\/bestdyno.com\/de\/historisch\/"]}]},{"@type":"WebSite","@id":"https:\/\/bestdyno.com\/de\/#website","url":"https:\/\/bestdyno.com\/de\/","name":"BestDyno","description":"Leader du banc d&#039;essai","publisher":{"@id":"https:\/\/bestdyno.com\/de\/#organization"},"potentialAction":[{"@type":"SearchAction","target":{"@type":"EntryPoint","urlTemplate":"https:\/\/bestdyno.com\/de\/?s={search_term_string}"},"query-input":{"@type":"PropertyValueSpecification","valueRequired":true,"valueName":"search_term_string"}}],"inLanguage":"de"},{"@type":"Organization","@id":"https:\/\/bestdyno.com\/de\/#organization","name":"BestDyno - Rotronics","url":"https:\/\/bestdyno.com\/de\/","logo":{"@type":"ImageObject","inLanguage":"de","@id":"https:\/\/bestdyno.com\/de\/#\/schema\/logo\/image\/","url":"https:\/\/bestdyno.com\/wp-content\/uploads\/2023\/02\/rotronics-log.png","contentUrl":"https:\/\/bestdyno.com\/wp-content\/uploads\/2023\/02\/rotronics-log.png","width":696,"height":696,"caption":"BestDyno - Rotronics"},"image":{"@id":"https:\/\/bestdyno.com\/de\/#\/schema\/logo\/image\/"}}]}},"_links":{"self":[{"href":"https:\/\/bestdyno.com\/de\/wp-json\/wp\/v2\/pages\/5051","targetHints":{"allow":["GET"]}}],"collection":[{"href":"https:\/\/bestdyno.com\/de\/wp-json\/wp\/v2\/pages"}],"about":[{"href":"https:\/\/bestdyno.com\/de\/wp-json\/wp\/v2\/types\/page"}],"author":[{"embeddable":true,"href":"https:\/\/bestdyno.com\/de\/wp-json\/wp\/v2\/users\/2"}],"replies":[{"embeddable":true,"href":"https:\/\/bestdyno.com\/de\/wp-json\/wp\/v2\/comments?post=5051"}],"version-history":[{"count":4,"href":"https:\/\/bestdyno.com\/de\/wp-json\/wp\/v2\/pages\/5051\/revisions"}],"predecessor-version":[{"id":5721,"href":"https:\/\/bestdyno.com\/de\/wp-json\/wp\/v2\/pages\/5051\/revisions\/5721"}],"wp:attachment":[{"href":"https:\/\/bestdyno.com\/de\/wp-json\/wp\/v2\/media?parent=5051"}],"curies":[{"name":"wp","href":"https:\/\/api.w.org\/{rel}","templated":true}]}}