{"id":5229,"date":"2021-04-28T15:58:19","date_gmt":"2021-04-28T13:58:19","guid":{"rendered":"https:\/\/bestdyno.com\/praesentation\/"},"modified":"2021-06-11T02:21:09","modified_gmt":"2021-06-11T00:21:09","slug":"praesentation","status":"publish","type":"page","link":"https:\/\/bestdyno.com\/de\/praesentation\/","title":{"rendered":"Pr\u00e4sentation"},"content":{"rendered":"<p><div class=\"fusion-fullwidth fullwidth-box fusion-builder-row-1 fusion-flex-container nonhundred-percent-fullwidth non-hundred-percent-height-scrolling container-img-gauche\" style=\"--awb-border-radius-top-left:0px;--awb-border-radius-top-right:0px;--awb-border-radius-bottom-right:0px;--awb-border-radius-bottom-left:0px;--awb-flex-wrap:wrap;\" ><div class=\"fusion-builder-row fusion-row fusion-flex-align-items-center fusion-flex-justify-content-center fusion-flex-content-wrap\" style=\"max-width:1144px;margin-left: calc(-4% \/ 2 );margin-right: calc(-4% \/ 2 );\"><div class=\"fusion-layout-column fusion_builder_column fusion-builder-column-0 fusion_builder_column_1_1 1_1 fusion-flex-column\" style=\"--awb-bg-size:cover;--awb-width-large:100%;--awb-margin-top-large:0px;--awb-spacing-right-large:1.92%;--awb-margin-bottom-large:0px;--awb-spacing-left-large:1.92%;--awb-width-medium:100%;--awb-order-medium:0;--awb-spacing-right-medium:1.92%;--awb-spacing-left-medium:1.92%;--awb-width-small:100%;--awb-order-small:0;--awb-spacing-right-small:1.92%;--awb-spacing-left-small:1.92%;\"><div class=\"fusion-column-wrapper fusion-column-has-shadow fusion-flex-justify-content-flex-start fusion-content-layout-column\"><div class=\"fusion-text fusion-text-1\" style=\"--awb-content-alignment:center;\"><h1>Rotronik<\/h1>\n<p>Seit 1990 ist sie auf die Untersuchung und Herstellung von Motoren- und Fahrzeugpr\u00fcfst\u00e4nden spezialisiert.<br \/>\nAls solches entwickelt, produziert und vermarktet es elektronische, Software und mechanische Ger\u00e4te.<\/p>\n<\/div><\/div><\/div><\/div><\/div><div class=\"fusion-fullwidth fullwidth-box fusion-builder-row-2 fusion-flex-container nonhundred-percent-fullwidth non-hundred-percent-height-scrolling container-img-gauche\" style=\"--awb-border-radius-top-left:0px;--awb-border-radius-top-right:0px;--awb-border-radius-bottom-right:0px;--awb-border-radius-bottom-left:0px;--awb-flex-wrap:wrap;\" ><div class=\"fusion-builder-row fusion-row fusion-flex-align-items-center fusion-flex-justify-content-center fusion-flex-content-wrap\" style=\"max-width:1144px;margin-left: calc(-4% \/ 2 );margin-right: calc(-4% \/ 2 );\"><div class=\"fusion-layout-column fusion_builder_column fusion-builder-column-1 fusion_builder_column_1_1 1_1 fusion-flex-column\" style=\"--awb-bg-size:cover;--awb-width-large:100%;--awb-margin-top-large:0px;--awb-spacing-right-large:1.92%;--awb-margin-bottom-large:0px;--awb-spacing-left-large:1.92%;--awb-width-medium:100%;--awb-order-medium:0;--awb-spacing-right-medium:1.92%;--awb-spacing-left-medium:1.92%;--awb-width-small:100%;--awb-order-small:0;--awb-spacing-right-small:1.92%;--awb-spacing-left-small:1.92%;\"><div class=\"fusion-column-wrapper fusion-column-has-shadow fusion-flex-justify-content-flex-start fusion-content-layout-column\"><div class=\"fusion-text fusion-text-2\" style=\"--awb-content-alignment:center;\"><h2>Untersuchung und Herstellung von Pr\u00fcfst\u00e4nden.<\/h2>\n<\/div><\/div><\/div><div class=\"fusion-layout-column fusion_builder_column fusion-builder-column-2 fusion_builder_column_2_5 2_5 fusion-flex-column\" style=\"--awb-bg-size:cover;--awb-width-large:40%;--awb-margin-top-large:0px;--awb-spacing-right-large:4.8%;--awb-margin-bottom-large:0px;--awb-spacing-left-large:4.8%;--awb-width-medium:100%;--awb-order-medium:0;--awb-spacing-right-medium:1.92%;--awb-spacing-left-medium:1.92%;--awb-width-small:100%;--awb-order-small:0;--awb-spacing-right-small:1.92%;--awb-spacing-left-small:1.92%;\"><div class=\"fusion-column-wrapper fusion-column-has-shadow fusion-flex-justify-content-flex-start fusion-content-layout-column\"><div class=\"fusion-image-element \" style=\"text-align:center;--awb-caption-title-font-family:var(--h2_typography-font-family);--awb-caption-title-font-weight:var(--h2_typography-font-weight);--awb-caption-title-font-style:var(--h2_typography-font-style);--awb-caption-title-size:var(--h2_typography-font-size);--awb-caption-title-transform:var(--h2_typography-text-transform);--awb-caption-title-line-height:var(--h2_typography-line-height);--awb-caption-title-letter-spacing:var(--h2_typography-letter-spacing);\"><span class=\" fusion-imageframe imageframe-none imageframe-1 hover-type-none\"><img decoding=\"async\" width=\"962\" height=\"627\" title=\"DYNOSENS\" src=\"https:\/\/bestdyno.com\/wp-content\/uploads\/2021\/04\/DYNOSENS.jpg\" alt class=\"img-responsive wp-image-3444 \" srcset=\"https:\/\/bestdyno.com\/wp-content\/uploads\/2021\/04\/DYNOSENS-200x130.jpg 200w, https:\/\/bestdyno.com\/wp-content\/uploads\/2021\/04\/DYNOSENS-400x261.jpg 400w, https:\/\/bestdyno.com\/wp-content\/uploads\/2021\/04\/DYNOSENS-600x391.jpg 600w, https:\/\/bestdyno.com\/wp-content\/uploads\/2021\/04\/DYNOSENS-800x521.jpg 800w, https:\/\/bestdyno.com\/wp-content\/uploads\/2021\/04\/DYNOSENS.jpg 962w\" sizes=\"(max-width: 1024px) 100vw, (max-width: 640px) 100vw, 600px\" \/><\/span><\/div><\/div><\/div><div class=\"fusion-layout-column fusion_builder_column fusion-builder-column-3 fusion_builder_column_3_5 3_5 fusion-flex-column\" style=\"--awb-bg-size:cover;--awb-width-large:60%;--awb-margin-top-large:0px;--awb-spacing-right-large:3.2%;--awb-margin-bottom-large:0px;--awb-spacing-left-large:3.2%;--awb-width-medium:100%;--awb-order-medium:0;--awb-spacing-right-medium:1.92%;--awb-spacing-left-medium:1.92%;--awb-width-small:100%;--awb-order-small:0;--awb-spacing-right-small:1.92%;--awb-spacing-left-small:1.92%;\"><div class=\"fusion-column-wrapper fusion-column-has-shadow fusion-flex-justify-content-flex-start fusion-content-layout-column\"><div class=\"fusion-text fusion-text-3\"><h3>Herstellung von Pr\u00fcfst\u00e4nden<\/h3>\n<p>Der Performance-Bereich der Firma Rotronics ist spezialisiert auf die Konstruktion und Herstellung von Rollenpr\u00fcfst\u00e4nden und Leistungspr\u00fcfst\u00e4nden: Rollenpr\u00fcfst\u00e4nde zum Messen oder Tunen, Pr\u00fcfst\u00e4nde f\u00fcr die Naben f\u00fcr eine rennsportnahe Anwendung oder gute Traktor- und LKW-Pr\u00fcfst\u00e4nde zur Optimierung<\/p>\n<p>ROTRONICS ist in folgenden Bereichen t\u00e4tig: Auto- und Motorradrennsport, Zweiradprofis, Industrie, Bildungs- und Berufsbildungseinrichtungen.<\/p>\n<p>Dank der gro\u00dfen Erfahrung mit Motorenpr\u00fcfst\u00e4nden kann ROTRONICS heute sowohl Standard-Hightech-Produkte mit einem sehr guten Preis-Leistungs-Verh\u00e4ltnis als auch spezifische Motorenpr\u00fcfst\u00e4nde, die perfekt auf die Kundenspezifikationen abgestimmt sind, liefern.<\/p>\n<\/div><\/div><\/div><\/div><\/div><div class=\"fusion-fullwidth fullwidth-box fusion-builder-row-3 fusion-flex-container nonhundred-percent-fullwidth non-hundred-percent-height-scrolling container-img-droite\" style=\"--awb-border-radius-top-left:0px;--awb-border-radius-top-right:0px;--awb-border-radius-bottom-right:0px;--awb-border-radius-bottom-left:0px;--awb-flex-wrap:wrap;\" ><div class=\"fusion-builder-row fusion-row fusion-flex-align-items-center fusion-flex-justify-content-center fusion-flex-content-wrap\" style=\"max-width:1144px;margin-left: calc(-4% \/ 2 );margin-right: calc(-4% \/ 2 );\"><div class=\"fusion-layout-column fusion_builder_column fusion-builder-column-4 fusion_builder_column_3_5 3_5 fusion-flex-column\" style=\"--awb-bg-size:cover;--awb-width-large:60%;--awb-margin-top-large:0px;--awb-spacing-right-large:3.2%;--awb-margin-bottom-large:0px;--awb-spacing-left-large:3.2%;--awb-width-medium:100%;--awb-order-medium:0;--awb-spacing-right-medium:1.92%;--awb-spacing-left-medium:1.92%;--awb-width-small:100%;--awb-order-small:0;--awb-spacing-right-small:1.92%;--awb-spacing-left-small:1.92%;\"><div class=\"fusion-column-wrapper fusion-column-has-shadow fusion-flex-justify-content-flex-start fusion-content-layout-column\"><div class=\"fusion-image-element fusion-no-medium-visibility fusion-no-large-visibility\" style=\"text-align:center;--awb-caption-title-font-family:var(--h2_typography-font-family);--awb-caption-title-font-weight:var(--h2_typography-font-weight);--awb-caption-title-font-style:var(--h2_typography-font-style);--awb-caption-title-size:var(--h2_typography-font-size);--awb-caption-title-transform:var(--h2_typography-text-transform);--awb-caption-title-line-height:var(--h2_typography-line-height);--awb-caption-title-letter-spacing:var(--h2_typography-letter-spacing);\"><span class=\" fusion-imageframe imageframe-none imageframe-2 hover-type-none\"><img decoding=\"async\" width=\"800\" height=\"530\" title=\"exemple-banc-essai-min\" src=\"https:\/\/bestdyno.com\/wp-content\/uploads\/2021\/04\/exemple-banc-essai-min.jpg\" alt class=\"img-responsive wp-image-2969 \" srcset=\"https:\/\/bestdyno.com\/wp-content\/uploads\/2021\/04\/exemple-banc-essai-min-200x133.jpg 200w, https:\/\/bestdyno.com\/wp-content\/uploads\/2021\/04\/exemple-banc-essai-min-400x265.jpg 400w, https:\/\/bestdyno.com\/wp-content\/uploads\/2021\/04\/exemple-banc-essai-min-600x398.jpg 600w, https:\/\/bestdyno.com\/wp-content\/uploads\/2021\/04\/exemple-banc-essai-min.jpg 800w\" sizes=\"(max-width: 1024px) 100vw, (max-width: 640px) 100vw, 800px\" \/><\/span><\/div><div class=\"fusion-text fusion-text-4\"><h3>Ein Leistungssektor und ein INDUSTRIESEKTOR<\/h3>\n<p>Um seine Entwicklung weiter zu beschleunigen, gr\u00fcndet Rotronics 2021 zwei Abteilungen<i><br \/> Eine Performance-Site:<\/i><a href=\"www.bestdyno.com\"><i> ww<\/i> w.bestdyno.com<\/a> <br \/><span style=\"background-color: rgba(255, 255, 255, 0); color: var(--body_typography-color); font-family: var(--body_typography-font-family); font-size: var(--body_typography-font-size); font-style: var(--body_typography-font-style,normal); font-weight: var(--body_typography-font-weight); letter-spacing: var(--body_typography-letter-spacing);\">Ein Industriestandort:<\/span><a href=\"www.rotronics.com\" style=\"background-color: rgba(255, 255, 255, 0); font-family: var(--body_typography-font-family); font-size: var(--body_typography-font-size); font-style: var(--body_typography-font-style,normal); font-weight: var(--body_typography-font-weight); letter-spacing: var(--body_typography-letter-spacing);\"> www.rotronics.com<\/a><\/p>\n<\/div><div ><a class=\"fusion-button button-flat fusion-button-default-size button-default fusion-button-default button-1 fusion-button-default-span fusion-button-default-type\" target=\"_self\" href=\"#\"><span class=\"fusion-button-text awb-button__text awb-button__text--default\">Entdecken<\/span><\/a><\/div><\/div><\/div><div class=\"fusion-layout-column fusion_builder_column fusion-builder-column-5 fusion_builder_column_2_5 2_5 fusion-flex-column fusion-no-small-visibility\" style=\"--awb-bg-size:cover;--awb-width-large:40%;--awb-margin-top-large:0px;--awb-spacing-right-large:4.8%;--awb-margin-bottom-large:0px;--awb-spacing-left-large:4.8%;--awb-width-medium:100%;--awb-order-medium:0;--awb-spacing-right-medium:1.92%;--awb-spacing-left-medium:1.92%;--awb-width-small:100%;--awb-order-small:0;--awb-spacing-right-small:1.92%;--awb-spacing-left-small:1.92%;\"><div class=\"fusion-column-wrapper fusion-column-has-shadow fusion-flex-justify-content-flex-start fusion-content-layout-column\"><div class=\"fusion-image-element \" style=\"text-align:center;--awb-caption-title-font-family:var(--h2_typography-font-family);--awb-caption-title-font-weight:var(--h2_typography-font-weight);--awb-caption-title-font-style:var(--h2_typography-font-style);--awb-caption-title-size:var(--h2_typography-font-size);--awb-caption-title-transform:var(--h2_typography-text-transform);--awb-caption-title-line-height:var(--h2_typography-line-height);--awb-caption-title-letter-spacing:var(--h2_typography-letter-spacing);\"><span class=\" fusion-imageframe imageframe-none imageframe-3 hover-type-none\"><img decoding=\"async\" width=\"800\" height=\"530\" title=\"exemple-banc-essai-min\" src=\"https:\/\/bestdyno.com\/wp-content\/uploads\/2021\/04\/exemple-banc-essai-min.jpg\" alt class=\"img-responsive wp-image-2969 \" srcset=\"https:\/\/bestdyno.com\/wp-content\/uploads\/2021\/04\/exemple-banc-essai-min-200x133.jpg 200w, https:\/\/bestdyno.com\/wp-content\/uploads\/2021\/04\/exemple-banc-essai-min-400x265.jpg 400w, https:\/\/bestdyno.com\/wp-content\/uploads\/2021\/04\/exemple-banc-essai-min-600x398.jpg 600w, https:\/\/bestdyno.com\/wp-content\/uploads\/2021\/04\/exemple-banc-essai-min.jpg 800w\" sizes=\"(max-width: 1024px) 100vw, (max-width: 640px) 100vw, 600px\" \/><\/span><\/div><\/div><\/div><\/div><\/div><\/p>\n","protected":false},"excerpt":{"rendered":"","protected":false},"author":2,"featured_media":0,"parent":0,"menu_order":0,"comment_status":"closed","ping_status":"closed","template":"100-width.php","meta":{"footnotes":""},"class_list":["post-5229","page","type-page","status-publish","hentry"],"yoast_head":"<!-- This site is optimized with the Yoast SEO plugin v27.3 - https:\/\/yoast.com\/product\/yoast-seo-wordpress\/ -->\n<title>Pr\u00e4sentation<\/title>\n<meta name=\"robots\" content=\"index, follow, max-snippet:-1, max-image-preview:large, max-video-preview:-1\" \/>\n<link rel=\"canonical\" href=\"https:\/\/bestdyno.com\/de\/praesentation\/\" \/>\n<meta property=\"og:locale\" content=\"de_DE\" \/>\n<meta property=\"og:type\" content=\"article\" \/>\n<meta property=\"og:title\" content=\"Pr\u00e4sentation\" \/>\n<meta property=\"og:url\" content=\"https:\/\/bestdyno.com\/de\/praesentation\/\" \/>\n<meta property=\"og:site_name\" content=\"BestDyno\" \/>\n<meta property=\"article:modified_time\" content=\"2021-06-11T00:21:09+00:00\" \/>\n<meta property=\"og:image\" content=\"https:\/\/bestdyno.com\/wp-content\/uploads\/2023\/02\/rotronics-logo.png\" \/>\n\t<meta property=\"og:image:width\" content=\"1200\" \/>\n\t<meta property=\"og:image:height\" content=\"675\" \/>\n\t<meta property=\"og:image:type\" content=\"image\/png\" \/>\n<meta name=\"twitter:card\" content=\"summary_large_image\" \/>\n<meta name=\"twitter:label1\" content=\"Gesch\u00e4tzte Lesezeit\" \/>\n\t<meta name=\"twitter:data1\" content=\"15\u00a0Minuten\" \/>\n<script type=\"application\/ld+json\" class=\"yoast-schema-graph\">{\"@context\":\"https:\\\/\\\/schema.org\",\"@graph\":[{\"@type\":\"WebPage\",\"@id\":\"https:\\\/\\\/bestdyno.com\\\/de\\\/praesentation\\\/\",\"url\":\"https:\\\/\\\/bestdyno.com\\\/de\\\/praesentation\\\/\",\"name\":\"Pr\u00e4sentation\",\"isPartOf\":{\"@id\":\"https:\\\/\\\/bestdyno.com\\\/#website\"},\"datePublished\":\"2021-04-28T13:58:19+00:00\",\"dateModified\":\"2021-06-11T00:21:09+00:00\",\"inLanguage\":\"de\",\"potentialAction\":[{\"@type\":\"ReadAction\",\"target\":[\"https:\\\/\\\/bestdyno.com\\\/de\\\/praesentation\\\/\"]}]},{\"@type\":\"WebSite\",\"@id\":\"https:\\\/\\\/bestdyno.com\\\/#website\",\"url\":\"https:\\\/\\\/bestdyno.com\\\/\",\"name\":\"BestDyno\",\"description\":\"Leader du banc d&#039;essai\",\"publisher\":{\"@id\":\"https:\\\/\\\/bestdyno.com\\\/#organization\"},\"potentialAction\":[{\"@type\":\"SearchAction\",\"target\":{\"@type\":\"EntryPoint\",\"urlTemplate\":\"https:\\\/\\\/bestdyno.com\\\/?s={search_term_string}\"},\"query-input\":{\"@type\":\"PropertyValueSpecification\",\"valueRequired\":true,\"valueName\":\"search_term_string\"}}],\"inLanguage\":\"de\"},{\"@type\":\"Organization\",\"@id\":\"https:\\\/\\\/bestdyno.com\\\/#organization\",\"name\":\"BestDyno - Rotronics\",\"url\":\"https:\\\/\\\/bestdyno.com\\\/\",\"logo\":{\"@type\":\"ImageObject\",\"inLanguage\":\"de\",\"@id\":\"https:\\\/\\\/bestdyno.com\\\/#\\\/schema\\\/logo\\\/image\\\/\",\"url\":\"https:\\\/\\\/bestdyno.com\\\/wp-content\\\/uploads\\\/2023\\\/02\\\/rotronics-log.png\",\"contentUrl\":\"https:\\\/\\\/bestdyno.com\\\/wp-content\\\/uploads\\\/2023\\\/02\\\/rotronics-log.png\",\"width\":696,\"height\":696,\"caption\":\"BestDyno - Rotronics\"},\"image\":{\"@id\":\"https:\\\/\\\/bestdyno.com\\\/#\\\/schema\\\/logo\\\/image\\\/\"}}]}<\/script>\n<!-- \/ Yoast SEO plugin. -->","yoast_head_json":{"title":"Pr\u00e4sentation","robots":{"index":"index","follow":"follow","max-snippet":"max-snippet:-1","max-image-preview":"max-image-preview:large","max-video-preview":"max-video-preview:-1"},"canonical":"https:\/\/bestdyno.com\/de\/praesentation\/","og_locale":"de_DE","og_type":"article","og_title":"Pr\u00e4sentation","og_url":"https:\/\/bestdyno.com\/de\/praesentation\/","og_site_name":"BestDyno","article_modified_time":"2021-06-11T00:21:09+00:00","og_image":[{"width":1200,"height":675,"url":"https:\/\/bestdyno.com\/wp-content\/uploads\/2023\/02\/rotronics-logo.png","type":"image\/png"}],"twitter_card":"summary_large_image","twitter_misc":{"Gesch\u00e4tzte Lesezeit":"15\u00a0Minuten"},"schema":{"@context":"https:\/\/schema.org","@graph":[{"@type":"WebPage","@id":"https:\/\/bestdyno.com\/de\/praesentation\/","url":"https:\/\/bestdyno.com\/de\/praesentation\/","name":"Pr\u00e4sentation","isPartOf":{"@id":"https:\/\/bestdyno.com\/#website"},"datePublished":"2021-04-28T13:58:19+00:00","dateModified":"2021-06-11T00:21:09+00:00","inLanguage":"de","potentialAction":[{"@type":"ReadAction","target":["https:\/\/bestdyno.com\/de\/praesentation\/"]}]},{"@type":"WebSite","@id":"https:\/\/bestdyno.com\/#website","url":"https:\/\/bestdyno.com\/","name":"BestDyno","description":"Leader du banc d&#039;essai","publisher":{"@id":"https:\/\/bestdyno.com\/#organization"},"potentialAction":[{"@type":"SearchAction","target":{"@type":"EntryPoint","urlTemplate":"https:\/\/bestdyno.com\/?s={search_term_string}"},"query-input":{"@type":"PropertyValueSpecification","valueRequired":true,"valueName":"search_term_string"}}],"inLanguage":"de"},{"@type":"Organization","@id":"https:\/\/bestdyno.com\/#organization","name":"BestDyno - Rotronics","url":"https:\/\/bestdyno.com\/","logo":{"@type":"ImageObject","inLanguage":"de","@id":"https:\/\/bestdyno.com\/#\/schema\/logo\/image\/","url":"https:\/\/bestdyno.com\/wp-content\/uploads\/2023\/02\/rotronics-log.png","contentUrl":"https:\/\/bestdyno.com\/wp-content\/uploads\/2023\/02\/rotronics-log.png","width":696,"height":696,"caption":"BestDyno - Rotronics"},"image":{"@id":"https:\/\/bestdyno.com\/#\/schema\/logo\/image\/"}}]}},"_links":{"self":[{"href":"https:\/\/bestdyno.com\/de\/wp-json\/wp\/v2\/pages\/5229","targetHints":{"allow":["GET"]}}],"collection":[{"href":"https:\/\/bestdyno.com\/de\/wp-json\/wp\/v2\/pages"}],"about":[{"href":"https:\/\/bestdyno.com\/de\/wp-json\/wp\/v2\/types\/page"}],"author":[{"embeddable":true,"href":"https:\/\/bestdyno.com\/de\/wp-json\/wp\/v2\/users\/2"}],"replies":[{"embeddable":true,"href":"https:\/\/bestdyno.com\/de\/wp-json\/wp\/v2\/comments?post=5229"}],"version-history":[{"count":4,"href":"https:\/\/bestdyno.com\/de\/wp-json\/wp\/v2\/pages\/5229\/revisions"}],"predecessor-version":[{"id":5757,"href":"https:\/\/bestdyno.com\/de\/wp-json\/wp\/v2\/pages\/5229\/revisions\/5757"}],"wp:attachment":[{"href":"https:\/\/bestdyno.com\/de\/wp-json\/wp\/v2\/media?parent=5229"}],"curies":[{"name":"wp","href":"https:\/\/api.w.org\/{rel}","templated":true}]}}