{"id":5262,"date":"2021-06-11T01:53:47","date_gmt":"2021-06-10T23:53:47","guid":{"rendered":"https:\/\/bestdyno.com\/wartungsvertrag\/"},"modified":"2021-06-11T02:20:28","modified_gmt":"2021-06-11T00:20:28","slug":"wartungsvertrag","status":"publish","type":"page","link":"https:\/\/bestdyno.com\/de\/wartungsvertrag\/","title":{"rendered":"Wartungsvertrag"},"content":{"rendered":"<div class=\"fusion-fullwidth fullwidth-box fusion-builder-row-1 fusion-flex-container nonhundred-percent-fullwidth non-hundred-percent-height-scrolling container-img-gauche\" style=\"--awb-border-radius-top-left:0px;--awb-border-radius-top-right:0px;--awb-border-radius-bottom-right:0px;--awb-border-radius-bottom-left:0px;--awb-flex-wrap:wrap;\" ><div class=\"fusion-builder-row fusion-row fusion-flex-align-items-center fusion-flex-justify-content-center fusion-flex-content-wrap\" style=\"max-width:1144px;margin-left: calc(-4% \/ 2 );margin-right: calc(-4% \/ 2 );\"><div class=\"fusion-layout-column fusion_builder_column fusion-builder-column-0 fusion_builder_column_1_1 1_1 fusion-flex-column\" style=\"--awb-bg-size:cover;--awb-width-large:100%;--awb-margin-top-large:0px;--awb-spacing-right-large:1.92%;--awb-margin-bottom-large:0px;--awb-spacing-left-large:1.92%;--awb-width-medium:100%;--awb-order-medium:0;--awb-spacing-right-medium:1.92%;--awb-spacing-left-medium:1.92%;--awb-width-small:100%;--awb-order-small:0;--awb-spacing-right-small:1.92%;--awb-spacing-left-small:1.92%;\"><div class=\"fusion-column-wrapper fusion-column-has-shadow fusion-flex-justify-content-flex-start fusion-content-layout-column\"><div class=\"fusion-text fusion-text-1\" style=\"--awb-content-alignment:center;\"><h1>Rotronik<\/h1>\n<p>Um Ihre Bank \u00fcber die Garantiezeit hinaus in einem optimalen Betriebszustand zu halten, bietet Rotronics Wartungsvertr\u00e4ge an.<\/p>\n<\/div><div class=\"fusion-text fusion-text-2\"><p>Zweck dieser Vertr\u00e4ge ist die Priorisierung von Supportanrufen sowie der folgenden Vertr\u00e4ge:<\/p>\n<h3>Vertrag der Stufe 1:<\/h3>\n<ul>\n<li>Kostenloser und vorrangiger telefonischer Support per Fernwartung, Internetverbindung erforderlich (ausgenommen Kronos Lite-\u00c4nderungsdienste)<\/li>\n<li>Software-Aktualisierung<\/li>\n<\/ul>\n<h3>Vertrag der Stufe 2:<\/h3>\n<p>Wie Stufe 1 +<\/p>\n<ul>\n<li>Garantieverl\u00e4ngerung (siehe Bedingungen und Anwendungen 2.1.2)<\/li>\n<li>PUD201, PUD301<\/li>\n<li>GIB101, 201<\/li>\n<li>F\u00fcr einen AUTOSCAN: Verpflichtung, einen G\u00fcrtel bereitzustellen und innerhalb von 24 Stunden zu versenden, ohne auf die Zahlung zu warten (G\u00fcrtel zum Vorzugspreis)<\/li>\n<\/ul>\n<h3>Vertrag der Stufe 3:<\/h3>\n<p>Idem Level 2 + Ein j\u00e4hrlicher vorbeugender Wartungsbesuch zu einem von Rotronics festgelegten Datum, der Folgendes umfasst:<\/p>\n<ul>\n<li>Allgemeine Schmierung (Lager)<\/li>\n<li>Riemenspannungen pr\u00fcfen<\/li>\n<li>\u00dcberpr\u00fcfung des Anzugs<\/li>\n<li>Bankkalibrierung<\/li>\n<li>Funktionstest<\/li>\n<\/ul>\n<p>Das Abonnement dieser Vertr\u00e4ge ist in keiner Weise verpflichtend.<br \/>\nBeachten Sie, dass bei gleichzeitiger Anfrage Kunden mit einem Wartungsvertrag Vorrang erhalten.<\/p>\n<\/div><\/div><\/div><\/div><\/div>\n","protected":false},"excerpt":{"rendered":"","protected":false},"author":2,"featured_media":0,"parent":0,"menu_order":0,"comment_status":"closed","ping_status":"closed","template":"100-width.php","meta":{"footnotes":""},"class_list":["post-5262","page","type-page","status-publish","hentry"],"yoast_head":"<!-- This site is optimized with the Yoast SEO plugin v27.4 - https:\/\/yoast.com\/product\/yoast-seo-wordpress\/ -->\n<title>Wartungsvertrag<\/title>\n<meta name=\"robots\" content=\"index, follow, max-snippet:-1, max-image-preview:large, max-video-preview:-1\" \/>\n<link rel=\"canonical\" href=\"https:\/\/bestdyno.com\/de\/wartungsvertrag\/\" \/>\n<meta property=\"og:locale\" content=\"de_DE\" \/>\n<meta property=\"og:type\" content=\"article\" \/>\n<meta property=\"og:title\" content=\"Wartungsvertrag\" \/>\n<meta property=\"og:url\" content=\"https:\/\/bestdyno.com\/de\/wartungsvertrag\/\" \/>\n<meta property=\"og:site_name\" content=\"BestDyno\" \/>\n<meta property=\"article:modified_time\" content=\"2021-06-11T00:20:28+00:00\" \/>\n<meta property=\"og:image\" content=\"https:\/\/bestdyno.com\/wp-content\/uploads\/2023\/02\/rotronics-logo.png\" \/>\n\t<meta property=\"og:image:width\" content=\"1200\" \/>\n\t<meta property=\"og:image:height\" content=\"675\" \/>\n\t<meta property=\"og:image:type\" content=\"image\/png\" \/>\n<meta name=\"twitter:card\" content=\"summary_large_image\" \/>\n<meta name=\"twitter:label1\" content=\"Gesch\u00e4tzte Lesezeit\" \/>\n\t<meta name=\"twitter:data1\" content=\"4\u00a0Minuten\" \/>\n<script type=\"application\/ld+json\" class=\"yoast-schema-graph\">{\"@context\":\"https:\\\/\\\/schema.org\",\"@graph\":[{\"@type\":\"WebPage\",\"@id\":\"https:\\\/\\\/bestdyno.com\\\/de\\\/wartungsvertrag\\\/\",\"url\":\"https:\\\/\\\/bestdyno.com\\\/de\\\/wartungsvertrag\\\/\",\"name\":\"Wartungsvertrag\",\"isPartOf\":{\"@id\":\"https:\\\/\\\/bestdyno.com\\\/de\\\/#website\"},\"datePublished\":\"2021-06-10T23:53:47+00:00\",\"dateModified\":\"2021-06-11T00:20:28+00:00\",\"inLanguage\":\"de\",\"potentialAction\":[{\"@type\":\"ReadAction\",\"target\":[\"https:\\\/\\\/bestdyno.com\\\/de\\\/wartungsvertrag\\\/\"]}]},{\"@type\":\"WebSite\",\"@id\":\"https:\\\/\\\/bestdyno.com\\\/de\\\/#website\",\"url\":\"https:\\\/\\\/bestdyno.com\\\/de\\\/\",\"name\":\"BestDyno\",\"description\":\"Leader du banc d&#039;essai\",\"publisher\":{\"@id\":\"https:\\\/\\\/bestdyno.com\\\/de\\\/#organization\"},\"potentialAction\":[{\"@type\":\"SearchAction\",\"target\":{\"@type\":\"EntryPoint\",\"urlTemplate\":\"https:\\\/\\\/bestdyno.com\\\/de\\\/?s={search_term_string}\"},\"query-input\":{\"@type\":\"PropertyValueSpecification\",\"valueRequired\":true,\"valueName\":\"search_term_string\"}}],\"inLanguage\":\"de\"},{\"@type\":\"Organization\",\"@id\":\"https:\\\/\\\/bestdyno.com\\\/de\\\/#organization\",\"name\":\"BestDyno - Rotronics\",\"url\":\"https:\\\/\\\/bestdyno.com\\\/de\\\/\",\"logo\":{\"@type\":\"ImageObject\",\"inLanguage\":\"de\",\"@id\":\"https:\\\/\\\/bestdyno.com\\\/de\\\/#\\\/schema\\\/logo\\\/image\\\/\",\"url\":\"https:\\\/\\\/bestdyno.com\\\/wp-content\\\/uploads\\\/2023\\\/02\\\/rotronics-log.png\",\"contentUrl\":\"https:\\\/\\\/bestdyno.com\\\/wp-content\\\/uploads\\\/2023\\\/02\\\/rotronics-log.png\",\"width\":696,\"height\":696,\"caption\":\"BestDyno - Rotronics\"},\"image\":{\"@id\":\"https:\\\/\\\/bestdyno.com\\\/de\\\/#\\\/schema\\\/logo\\\/image\\\/\"}}]}<\/script>\n<!-- \/ Yoast SEO plugin. -->","yoast_head_json":{"title":"Wartungsvertrag","robots":{"index":"index","follow":"follow","max-snippet":"max-snippet:-1","max-image-preview":"max-image-preview:large","max-video-preview":"max-video-preview:-1"},"canonical":"https:\/\/bestdyno.com\/de\/wartungsvertrag\/","og_locale":"de_DE","og_type":"article","og_title":"Wartungsvertrag","og_url":"https:\/\/bestdyno.com\/de\/wartungsvertrag\/","og_site_name":"BestDyno","article_modified_time":"2021-06-11T00:20:28+00:00","og_image":[{"width":1200,"height":675,"url":"https:\/\/bestdyno.com\/wp-content\/uploads\/2023\/02\/rotronics-logo.png","type":"image\/png"}],"twitter_card":"summary_large_image","twitter_misc":{"Gesch\u00e4tzte Lesezeit":"4\u00a0Minuten"},"schema":{"@context":"https:\/\/schema.org","@graph":[{"@type":"WebPage","@id":"https:\/\/bestdyno.com\/de\/wartungsvertrag\/","url":"https:\/\/bestdyno.com\/de\/wartungsvertrag\/","name":"Wartungsvertrag","isPartOf":{"@id":"https:\/\/bestdyno.com\/de\/#website"},"datePublished":"2021-06-10T23:53:47+00:00","dateModified":"2021-06-11T00:20:28+00:00","inLanguage":"de","potentialAction":[{"@type":"ReadAction","target":["https:\/\/bestdyno.com\/de\/wartungsvertrag\/"]}]},{"@type":"WebSite","@id":"https:\/\/bestdyno.com\/de\/#website","url":"https:\/\/bestdyno.com\/de\/","name":"BestDyno","description":"Leader du banc d&#039;essai","publisher":{"@id":"https:\/\/bestdyno.com\/de\/#organization"},"potentialAction":[{"@type":"SearchAction","target":{"@type":"EntryPoint","urlTemplate":"https:\/\/bestdyno.com\/de\/?s={search_term_string}"},"query-input":{"@type":"PropertyValueSpecification","valueRequired":true,"valueName":"search_term_string"}}],"inLanguage":"de"},{"@type":"Organization","@id":"https:\/\/bestdyno.com\/de\/#organization","name":"BestDyno - Rotronics","url":"https:\/\/bestdyno.com\/de\/","logo":{"@type":"ImageObject","inLanguage":"de","@id":"https:\/\/bestdyno.com\/de\/#\/schema\/logo\/image\/","url":"https:\/\/bestdyno.com\/wp-content\/uploads\/2023\/02\/rotronics-log.png","contentUrl":"https:\/\/bestdyno.com\/wp-content\/uploads\/2023\/02\/rotronics-log.png","width":696,"height":696,"caption":"BestDyno - Rotronics"},"image":{"@id":"https:\/\/bestdyno.com\/de\/#\/schema\/logo\/image\/"}}]}},"_links":{"self":[{"href":"https:\/\/bestdyno.com\/de\/wp-json\/wp\/v2\/pages\/5262","targetHints":{"allow":["GET"]}}],"collection":[{"href":"https:\/\/bestdyno.com\/de\/wp-json\/wp\/v2\/pages"}],"about":[{"href":"https:\/\/bestdyno.com\/de\/wp-json\/wp\/v2\/types\/page"}],"author":[{"embeddable":true,"href":"https:\/\/bestdyno.com\/de\/wp-json\/wp\/v2\/users\/2"}],"replies":[{"embeddable":true,"href":"https:\/\/bestdyno.com\/de\/wp-json\/wp\/v2\/comments?post=5262"}],"version-history":[{"count":4,"href":"https:\/\/bestdyno.com\/de\/wp-json\/wp\/v2\/pages\/5262\/revisions"}],"predecessor-version":[{"id":5714,"href":"https:\/\/bestdyno.com\/de\/wp-json\/wp\/v2\/pages\/5262\/revisions\/5714"}],"wp:attachment":[{"href":"https:\/\/bestdyno.com\/de\/wp-json\/wp\/v2\/media?parent=5262"}],"curies":[{"name":"wp","href":"https:\/\/api.w.org\/{rel}","templated":true}]}}