{"id":5507,"date":"2021-06-11T01:54:01","date_gmt":"2021-06-10T23:54:01","guid":{"rendered":"https:\/\/bestdyno.com\/nachrichten\/"},"modified":"2021-06-11T02:20:22","modified_gmt":"2021-06-11T00:20:22","slug":"nachrichten","status":"publish","type":"page","link":"https:\/\/bestdyno.com\/de\/nachrichten\/","title":{"rendered":"Nachrichten"},"content":{"rendered":"<p><div class=\"fusion-fullwidth fullwidth-box fusion-builder-row-1 fusion-flex-container nonhundred-percent-fullwidth non-hundred-percent-height-scrolling container-img-gauche\" style=\"--awb-border-radius-top-left:0px;--awb-border-radius-top-right:0px;--awb-border-radius-bottom-right:0px;--awb-border-radius-bottom-left:0px;--awb-flex-wrap:wrap;\" ><div class=\"fusion-builder-row fusion-row fusion-flex-align-items-center fusion-flex-justify-content-center fusion-flex-content-wrap\" style=\"max-width:1144px;margin-left: calc(-4% \/ 2 );margin-right: calc(-4% \/ 2 );\"><div class=\"fusion-layout-column fusion_builder_column fusion-builder-column-0 fusion_builder_column_1_1 1_1 fusion-flex-column\" style=\"--awb-bg-size:cover;--awb-width-large:100%;--awb-margin-top-large:0px;--awb-spacing-right-large:1.92%;--awb-margin-bottom-large:0px;--awb-spacing-left-large:1.92%;--awb-width-medium:100%;--awb-order-medium:0;--awb-spacing-right-medium:1.92%;--awb-spacing-left-medium:1.92%;--awb-width-small:100%;--awb-order-small:0;--awb-spacing-right-small:1.92%;--awb-spacing-left-small:1.92%;\"><div class=\"fusion-column-wrapper fusion-column-has-shadow fusion-flex-justify-content-flex-start fusion-content-layout-column\"><div class=\"fusion-text fusion-text-1\" style=\"--awb-content-alignment:center;\"><h1>NEUIGKEITEN &amp; TIPPS<\/h1>\n<\/div><\/div><\/div><\/div><\/div><div class=\"fusion-fullwidth fullwidth-box fusion-builder-row-2 nonhundred-percent-fullwidth non-hundred-percent-height-scrolling fusion-equal-height-columns\" style=\"--awb-border-radius-top-left:0px;--awb-border-radius-top-right:0px;--awb-border-radius-bottom-right:0px;--awb-border-radius-bottom-left:0px;--awb-flex-wrap:wrap;\" ><div class=\"fusion-builder-row fusion-row\"><div class=\"fusion-layout-column fusion_builder_column fusion-builder-column-1 fusion_builder_column_1_1 1_1 fusion-one-full fusion-column-first fusion-column-last fusion-column-no-min-height\" style=\"--awb-bg-size:cover;\"><div class=\"fusion-column-wrapper fusion-column-has-shadow fusion-flex-column-wrapper-legacy\"><div class=\"fusion-blog-shortcode fusion-blog-shortcode-1 fusion-blog-archive fusion-blog-layout-grid-wrapper fusion-blog-infinite\"><style type=\"text\/css\">.fusion-blog-shortcode-1 .fusion-blog-layout-grid .fusion-post-grid{padding:20px;}.fusion-blog-shortcode-1 .fusion-posts-container{margin-left: -20px !important; margin-right:-20px !important;}<\/style><div class=\"fusion-posts-container fusion-posts-container-infinite fusion-blog-rollover fusion-blog-layout-grid fusion-blog-layout-grid-3 isotope\" data-pages=\"1\" data-grid-col-space=\"40\" style=\"margin: -20px -20px 0;min-height:500px;\"><article id=\"blog-1-post-7166\" class=\"fusion-post-grid post-7166 post type-post status-publish format-standard has-post-thumbnail hentry category-fachmessen category-rotronics-neuigkeiten\">\n<div class=\"fusion-post-wrapper\" style=\"background-color:rgba(255,255,255,0);border:1px solid #ebeaea;border-bottom-width:3px;\">\n\n\t\t\t<div class=\"fusion-flexslider flexslider fusion-flexslider-loading fusion-post-slideshow\" style=\"border-color:#ebeaea;\">\n\t\t<ul class=\"slides\">\n\t\t\t\n\t\t\t\t\t\t\t\t\t\t\t\t\t\t<li><div  class=\"fusion-image-wrapper\" aria-haspopup=\"true\">\n\t\t\t\t<img decoding=\"async\" width=\"2560\" height=\"1200\" src=\"https:\/\/bestdyno.com\/wp-content\/uploads\/2021\/10\/20181107_100051-1-scaled.jpg\" class=\"attachment-full size-full wp-post-image\" alt=\"\" srcset=\"https:\/\/bestdyno.com\/wp-content\/uploads\/2021\/10\/20181107_100051-1-200x94.jpg 200w, https:\/\/bestdyno.com\/wp-content\/uploads\/2021\/10\/20181107_100051-1-400x188.jpg 400w, https:\/\/bestdyno.com\/wp-content\/uploads\/2021\/10\/20181107_100051-1-600x281.jpg 600w, https:\/\/bestdyno.com\/wp-content\/uploads\/2021\/10\/20181107_100051-1-800x375.jpg 800w, https:\/\/bestdyno.com\/wp-content\/uploads\/2021\/10\/20181107_100051-1-1200x563.jpg 1200w, https:\/\/bestdyno.com\/wp-content\/uploads\/2021\/10\/20181107_100051-1-scaled.jpg 2560w\" sizes=\"(min-width: 2200px) 100vw, (min-width: 784px) 340px, (min-width: 712px) 510px, (min-width: 640px) 712px, \" \/><div class=\"fusion-rollover\">\n\t<div class=\"fusion-rollover-content\">\n\n\t\t\t\t\t\t\t\t\t\t\t\t\t\t<a class=\"fusion-rollover-link\" href=\"https:\/\/bestdyno.com\/de\/treffen-sie-rotronics-auf-der-pmw-2021-in-koeln-vom-10-bis-12-november-2021\/\">Treffen Sie Rotronics auf der PMW 2021 in K\u00f6ln vom 10. bis 12. November 2021<\/a>\n\t\t\t\n\t\t\t\t\t\t\t\t\n\t\t\n\t\t\t\t\t\t\t\t\t\t\t\t<h4 class=\"fusion-rollover-title\">\n\t\t\t\t\t<a class=\"fusion-rollover-title-link\" href=\"https:\/\/bestdyno.com\/de\/treffen-sie-rotronics-auf-der-pmw-2021-in-koeln-vom-10-bis-12-november-2021\/\">\n\t\t\t\t\t\tTreffen Sie Rotronics auf der PMW 2021 in K\u00f6ln vom 10. bis 12. November 2021\t\t\t\t\t<\/a>\n\t\t\t\t<\/h4>\n\t\t\t\n\t\t\t\t\t\t\t\t\t\t<div class=\"fusion-rollover-categories\"><a href=\"https:\/\/bestdyno.com\/de\/category\/fachmessen\/\" rel=\"tag\">Fachmessen<\/a>, <a href=\"https:\/\/bestdyno.com\/de\/category\/rotronics-neuigkeiten\/\" rel=\"tag\">Rotronics-Neuigkeiten<\/a><\/div>\t\t\t\t\t\n\t\t\n\t\t\t\t\t\t<a class=\"fusion-link-wrapper\" href=\"https:\/\/bestdyno.com\/de\/treffen-sie-rotronics-auf-der-pmw-2021-in-koeln-vom-10-bis-12-november-2021\/\" aria-label=\"Treffen Sie Rotronics auf der PMW 2021 in K\u00f6ln vom 10. bis 12. November 2021\"><\/a>\n\t<\/div>\n<\/div>\n<\/div>\n<\/li>\n\t\t\t\n\t\t\t\n\t\t\t\t\t\t\t\t\t\t\t\t\t\t\t\t\t\t\t\t\t\t\t\t\t\t\t\t\t\t\t\t\t\t\t\t\t\t\t\t\t\t\t\t\t\t\t\t\t\t\t\t\t\t\t\t\t\t\t\t\t\t\t\t\t\t\t\t<\/ul>\n\t<\/div>\n\t<div class=\"fusion-post-content-wrapper\" style=\"padding:30px 25px 20px 25px;\"><div class=\"fusion-post-content post-content\"><h2 class=\"blog-shortcode-post-title entry-title\">Treffen Sie Rotronics auf der PMW 2021 in K\u00f6ln vom 10. bis 12. November 2021<\/h2><p class=\"fusion-single-line-meta\"><span class=\"updated\" style=\"display:none;\">2021-11-03T13:56:25+01:00<\/span><span>29 Oktober 2021<\/span><span class=\"fusion-inline-sep\">|<\/span><a href=\"https:\/\/bestdyno.com\/de\/category\/fachmessen\/\" rel=\"category tag\">Fachmessen<\/a>, <a href=\"https:\/\/bestdyno.com\/de\/category\/rotronics-neuigkeiten\/\" rel=\"category tag\">Rotronics-Neuigkeiten<\/a><span class=\"fusion-inline-sep\">|<\/span><\/p><div class=\"fusion-content-sep sep-double sep-solid\"><\/div><div class=\"fusion-post-content-container\"><p> Rotronics wird auf der Professional Motorsport World Expo in K\u00f6ln ausstellen. Zur Erinnerung: Rotronics entwickelt und fertigt Pr\u00fcfst\u00e4nde f\u00fcr Fahrzeuge, Motoren und Baugruppen. Wir bieten Ihnen Testl\u00f6sungen f\u00fcr thermische, hybride oder elektrische Anwendungen. [...]<\/p><\/div><\/div><div class=\"fusion-meta-info\"><div class=\"fusion-alignleft\"><a class=\"fusion-read-more\" href=\"https:\/\/bestdyno.com\/de\/treffen-sie-rotronics-auf-der-pmw-2021-in-koeln-vom-10-bis-12-november-2021\/\" aria-label=\"More on Treffen Sie Rotronics auf der PMW 2021 in K\u00f6ln vom 10. bis 12. November 2021\">Read More<\/a><\/div><\/div><\/div><div class=\"fusion-clearfix\"><\/div><\/div>\n<\/article>\n<article id=\"blog-1-post-7162\" class=\"fusion-post-grid post-7162 post type-post status-publish format-standard has-post-thumbnail hentry category-lieferung-der-leistungsprufstande category-rotronics-neuigkeiten\">\n<div class=\"fusion-post-wrapper\" style=\"background-color:rgba(255,255,255,0);border:1px solid #ebeaea;border-bottom-width:3px;\">\n\n\t\t\t<div class=\"fusion-flexslider flexslider fusion-flexslider-loading fusion-post-slideshow\" style=\"border-color:#ebeaea;\">\n\t\t<ul class=\"slides\">\n\t\t\t\n\t\t\t\t\t\t\t\t\t\t\t\t\t\t<li><div  class=\"fusion-image-wrapper\" aria-haspopup=\"true\">\n\t\t\t\t<img decoding=\"async\" width=\"2560\" height=\"1920\" src=\"https:\/\/bestdyno.com\/wp-content\/uploads\/2021\/10\/Porsche-911-GT3-cup-2021-scaled.jpg\" class=\"attachment-full size-full wp-post-image\" alt=\"\" srcset=\"https:\/\/bestdyno.com\/wp-content\/uploads\/2021\/10\/Porsche-911-GT3-cup-2021-200x150.jpg 200w, https:\/\/bestdyno.com\/wp-content\/uploads\/2021\/10\/Porsche-911-GT3-cup-2021-400x300.jpg 400w, https:\/\/bestdyno.com\/wp-content\/uploads\/2021\/10\/Porsche-911-GT3-cup-2021-600x450.jpg 600w, https:\/\/bestdyno.com\/wp-content\/uploads\/2021\/10\/Porsche-911-GT3-cup-2021-800x600.jpg 800w, https:\/\/bestdyno.com\/wp-content\/uploads\/2021\/10\/Porsche-911-GT3-cup-2021-1200x900.jpg 1200w, https:\/\/bestdyno.com\/wp-content\/uploads\/2021\/10\/Porsche-911-GT3-cup-2021-scaled.jpg 2560w\" sizes=\"(min-width: 2200px) 100vw, (min-width: 784px) 340px, (min-width: 712px) 510px, (min-width: 640px) 712px, \" \/><div class=\"fusion-rollover\">\n\t<div class=\"fusion-rollover-content\">\n\n\t\t\t\t\t\t\t\t\t\t\t\t\t\t<a class=\"fusion-rollover-link\" href=\"https:\/\/bestdyno.com\/de\/neue-autoscan-bank-fuer-das-imsa-performance-team\/\">Neue Autoscan Bank f\u00fcr das IMSA Performance Team!<\/a>\n\t\t\t\n\t\t\t\t\t\t\t\t\n\t\t\n\t\t\t\t\t\t\t\t\t\t\t\t<h4 class=\"fusion-rollover-title\">\n\t\t\t\t\t<a class=\"fusion-rollover-title-link\" href=\"https:\/\/bestdyno.com\/de\/neue-autoscan-bank-fuer-das-imsa-performance-team\/\">\n\t\t\t\t\t\tNeue Autoscan Bank f\u00fcr das IMSA Performance Team!\t\t\t\t\t<\/a>\n\t\t\t\t<\/h4>\n\t\t\t\n\t\t\t\t\t\t\t\t\t\t<div class=\"fusion-rollover-categories\"><a href=\"https:\/\/bestdyno.com\/de\/category\/lieferung-der-leistungsprufstande\/\" rel=\"tag\">Lieferung der Leistungspr\u00fcfst\u00e4nde<\/a>, <a href=\"https:\/\/bestdyno.com\/de\/category\/rotronics-neuigkeiten\/\" rel=\"tag\">Rotronics-Neuigkeiten<\/a><\/div>\t\t\t\t\t\n\t\t\n\t\t\t\t\t\t<a class=\"fusion-link-wrapper\" href=\"https:\/\/bestdyno.com\/de\/neue-autoscan-bank-fuer-das-imsa-performance-team\/\" aria-label=\"Neue Autoscan Bank f\u00fcr das IMSA Performance Team!\"><\/a>\n\t<\/div>\n<\/div>\n<\/div>\n<\/li>\n\t\t\t\n\t\t\t\n\t\t\t\t\t\t\t\t\t\t\t\t\t\t\t\t\t\t\t\t\t\t\t\t\t\t\t\t\t\t\t\t\t\t\t\t\t\t\t\t\t\t\t\t\t\t\t\t\t\t\t\t\t\t\t\t\t\t\t\t\t\t\t\t\t\t\t\t<\/ul>\n\t<\/div>\n\t<div class=\"fusion-post-content-wrapper\" style=\"padding:30px 25px 20px 25px;\"><div class=\"fusion-post-content post-content\"><h2 class=\"blog-shortcode-post-title entry-title\">Neue Autoscan Bank f\u00fcr das IMSA Performance Team!<\/h2><p class=\"fusion-single-line-meta\"><span class=\"updated\" style=\"display:none;\">2022-07-29T11:10:25+02:00<\/span><span>29 Oktober 2021<\/span><span class=\"fusion-inline-sep\">|<\/span><a href=\"https:\/\/bestdyno.com\/de\/category\/lieferung-der-leistungsprufstande\/\" rel=\"category tag\">Lieferung der Leistungspr\u00fcfst\u00e4nde<\/a>, <a href=\"https:\/\/bestdyno.com\/de\/category\/rotronics-neuigkeiten\/\" rel=\"category tag\">Rotronics-Neuigkeiten<\/a><span class=\"fusion-inline-sep\">|<\/span><\/p><div class=\"fusion-content-sep sep-double sep-solid\"><\/div><div class=\"fusion-post-content-container\"><p> IMSA Performance ist ein franz\u00f6sisches Motorsportteam mit Sitz in der Normandie. Seit seiner Gr\u00fcndung hat sich dieses Team an die Spitze entwickelt. Sie hat mehrmals die 24 Stunden von Le Mans, den Carrera [...]<\/p><\/div><\/div><div class=\"fusion-meta-info\"><div class=\"fusion-alignleft\"><a class=\"fusion-read-more\" href=\"https:\/\/bestdyno.com\/de\/neue-autoscan-bank-fuer-das-imsa-performance-team\/\" aria-label=\"More on Neue Autoscan Bank f\u00fcr das IMSA Performance Team!\">Read More<\/a><\/div><\/div><\/div><div class=\"fusion-clearfix\"><\/div><\/div>\n<\/article>\n<article id=\"blog-1-post-7442\" class=\"fusion-post-grid post-7442 post type-post status-publish format-standard has-post-thumbnail hentry category-fachmessen category-rotronics-neuigkeiten\">\n<div class=\"fusion-post-wrapper\" style=\"background-color:rgba(255,255,255,0);border:1px solid #ebeaea;border-bottom-width:3px;\">\n\n\t\t\t<div class=\"fusion-flexslider flexslider fusion-flexslider-loading fusion-post-slideshow\" style=\"border-color:#ebeaea;\">\n\t\t<ul class=\"slides\">\n\t\t\t\n\t\t\t\t\t\t\t\t\t\t\t\t\t\t<li><div  class=\"fusion-image-wrapper\" aria-haspopup=\"true\">\n\t\t\t\t<img decoding=\"async\" width=\"800\" height=\"800\" src=\"https:\/\/bestdyno.com\/wp-content\/uploads\/2021\/05\/Audi-Hubscan-800-800.jpg\" class=\"attachment-full size-full wp-post-image\" alt=\"\" srcset=\"https:\/\/bestdyno.com\/wp-content\/uploads\/2021\/05\/Audi-Hubscan-800-800-200x200.jpg 200w, https:\/\/bestdyno.com\/wp-content\/uploads\/2021\/05\/Audi-Hubscan-800-800-400x400.jpg 400w, https:\/\/bestdyno.com\/wp-content\/uploads\/2021\/05\/Audi-Hubscan-800-800-600x600.jpg 600w, https:\/\/bestdyno.com\/wp-content\/uploads\/2021\/05\/Audi-Hubscan-800-800.jpg 800w\" sizes=\"(min-width: 2200px) 100vw, (min-width: 784px) 340px, (min-width: 712px) 510px, (min-width: 640px) 712px, \" \/><div class=\"fusion-rollover\">\n\t<div class=\"fusion-rollover-content\">\n\n\t\t\t\t\t\t\t\t\t\t\t\t\t\t<a class=\"fusion-rollover-link\" href=\"https:\/\/bestdyno.com\/de\/hubscan-ist-bei-race-engine-technology\/\">HUBSCAN ist bei RACE ENGINE TECHNOLOGY!<\/a>\n\t\t\t\n\t\t\t\t\t\t\t\t\n\t\t\n\t\t\t\t\t\t\t\t\t\t\t\t<h4 class=\"fusion-rollover-title\">\n\t\t\t\t\t<a class=\"fusion-rollover-title-link\" href=\"https:\/\/bestdyno.com\/de\/hubscan-ist-bei-race-engine-technology\/\">\n\t\t\t\t\t\tHUBSCAN ist bei RACE ENGINE TECHNOLOGY!\t\t\t\t\t<\/a>\n\t\t\t\t<\/h4>\n\t\t\t\n\t\t\t\t\t\t\t\t\t\t<div class=\"fusion-rollover-categories\"><a href=\"https:\/\/bestdyno.com\/de\/category\/fachmessen\/\" rel=\"tag\">Fachmessen<\/a>, <a href=\"https:\/\/bestdyno.com\/de\/category\/rotronics-neuigkeiten\/\" rel=\"tag\">Rotronics-Neuigkeiten<\/a><\/div>\t\t\t\t\t\n\t\t\n\t\t\t\t\t\t<a class=\"fusion-link-wrapper\" href=\"https:\/\/bestdyno.com\/de\/hubscan-ist-bei-race-engine-technology\/\" aria-label=\"HUBSCAN ist bei RACE ENGINE TECHNOLOGY!\"><\/a>\n\t<\/div>\n<\/div>\n<\/div>\n<\/li>\n\t\t\t\n\t\t\t\n\t\t\t\t\t\t\t\t\t\t\t\t\t\t\t\t\t\t\t\t\t\t\t\t\t\t\t\t\t\t\t\t\t\t\t\t\t\t\t\t\t\t\t\t\t\t\t\t\t\t\t\t\t\t\t\t\t\t\t\t\t\t\t\t\t\t\t\t<\/ul>\n\t<\/div>\n\t<div class=\"fusion-post-content-wrapper\" style=\"padding:30px 25px 20px 25px;\"><div class=\"fusion-post-content post-content\"><h2 class=\"blog-shortcode-post-title entry-title\">HUBSCAN ist bei RACE ENGINE TECHNOLOGY!<\/h2><p class=\"fusion-single-line-meta\"><span class=\"updated\" style=\"display:none;\">2022-07-29T11:16:13+02:00<\/span><span>23 November 2020<\/span><span class=\"fusion-inline-sep\">|<\/span><a href=\"https:\/\/bestdyno.com\/de\/category\/fachmessen\/\" rel=\"category tag\">Fachmessen<\/a>, <a href=\"https:\/\/bestdyno.com\/de\/category\/rotronics-neuigkeiten\/\" rel=\"category tag\">Rotronics-Neuigkeiten<\/a><span class=\"fusion-inline-sep\">|<\/span><\/p><div class=\"fusion-content-sep sep-double sep-solid\"><\/div><div class=\"fusion-post-content-container\"><p> Hubscan, unser Nabenpr\u00fcfstand, wird immer mehr zum Verb\u00fcndeten der anspruchsvollsten Tuner. Diesen Monat \u00fcber uns in RACE ENGINE TECHNOLOGY Nr. 127 Da keine Vorbereitungsarbeiten erforderlich sind, k\u00f6nnen Sie sich ohne Einschr\u00e4nkungen in Ihren [...]<\/p><\/div><\/div><div class=\"fusion-meta-info\"><div class=\"fusion-alignleft\"><a class=\"fusion-read-more\" href=\"https:\/\/bestdyno.com\/de\/hubscan-ist-bei-race-engine-technology\/\" aria-label=\"More on HUBSCAN ist bei RACE ENGINE TECHNOLOGY!\">Read More<\/a><\/div><\/div><\/div><div class=\"fusion-clearfix\"><\/div><\/div>\n<\/article>\n<div class=\"fusion-clearfix\"><\/div><\/div><\/div><div class=\"fusion-clearfix\"><\/div><\/div><\/div><\/div><\/div><\/p>\n","protected":false},"excerpt":{"rendered":"","protected":false},"author":1,"featured_media":0,"parent":0,"menu_order":0,"comment_status":"closed","ping_status":"closed","template":"100-width.php","meta":{"footnotes":""},"class_list":["post-5507","page","type-page","status-publish","hentry"],"yoast_head":"<!-- This site is optimized with the Yoast SEO plugin v27.5 - https:\/\/yoast.com\/product\/yoast-seo-wordpress\/ -->\n<title>Nachrichten<\/title>\n<meta name=\"robots\" content=\"index, follow, max-snippet:-1, max-image-preview:large, max-video-preview:-1\" \/>\n<link rel=\"canonical\" href=\"https:\/\/bestdyno.com\/de\/nachrichten\/\" \/>\n<meta property=\"og:locale\" content=\"de_DE\" \/>\n<meta property=\"og:type\" content=\"article\" \/>\n<meta property=\"og:title\" content=\"Nachrichten\" \/>\n<meta property=\"og:url\" content=\"https:\/\/bestdyno.com\/de\/nachrichten\/\" \/>\n<meta property=\"og:site_name\" content=\"BestDyno\" \/>\n<meta property=\"article:modified_time\" content=\"2021-06-11T00:20:22+00:00\" \/>\n<meta property=\"og:image\" content=\"https:\/\/bestdyno.com\/wp-content\/uploads\/2023\/02\/rotronics-logo.png\" \/>\n\t<meta property=\"og:image:width\" content=\"1200\" \/>\n\t<meta property=\"og:image:height\" content=\"675\" \/>\n\t<meta property=\"og:image:type\" content=\"image\/png\" \/>\n<meta name=\"twitter:card\" content=\"summary_large_image\" \/>\n<meta name=\"twitter:label1\" content=\"Gesch\u00e4tzte Lesezeit\" \/>\n\t<meta name=\"twitter:data1\" content=\"6\u00a0Minuten\" \/>\n<script type=\"application\/ld+json\" class=\"yoast-schema-graph\">{\"@context\":\"https:\\\/\\\/schema.org\",\"@graph\":[{\"@type\":\"WebPage\",\"@id\":\"https:\\\/\\\/bestdyno.com\\\/de\\\/nachrichten\\\/\",\"url\":\"https:\\\/\\\/bestdyno.com\\\/de\\\/nachrichten\\\/\",\"name\":\"Nachrichten\",\"isPartOf\":{\"@id\":\"https:\\\/\\\/bestdyno.com\\\/de\\\/#website\"},\"datePublished\":\"2021-06-10T23:54:01+00:00\",\"dateModified\":\"2021-06-11T00:20:22+00:00\",\"inLanguage\":\"de\",\"potentialAction\":[{\"@type\":\"ReadAction\",\"target\":[\"https:\\\/\\\/bestdyno.com\\\/de\\\/nachrichten\\\/\"]}]},{\"@type\":\"WebSite\",\"@id\":\"https:\\\/\\\/bestdyno.com\\\/de\\\/#website\",\"url\":\"https:\\\/\\\/bestdyno.com\\\/de\\\/\",\"name\":\"BestDyno\",\"description\":\"Leader du banc d&#039;essai\",\"publisher\":{\"@id\":\"https:\\\/\\\/bestdyno.com\\\/de\\\/#organization\"},\"potentialAction\":[{\"@type\":\"SearchAction\",\"target\":{\"@type\":\"EntryPoint\",\"urlTemplate\":\"https:\\\/\\\/bestdyno.com\\\/de\\\/?s={search_term_string}\"},\"query-input\":{\"@type\":\"PropertyValueSpecification\",\"valueRequired\":true,\"valueName\":\"search_term_string\"}}],\"inLanguage\":\"de\"},{\"@type\":\"Organization\",\"@id\":\"https:\\\/\\\/bestdyno.com\\\/de\\\/#organization\",\"name\":\"BestDyno - Rotronics\",\"url\":\"https:\\\/\\\/bestdyno.com\\\/de\\\/\",\"logo\":{\"@type\":\"ImageObject\",\"inLanguage\":\"de\",\"@id\":\"https:\\\/\\\/bestdyno.com\\\/de\\\/#\\\/schema\\\/logo\\\/image\\\/\",\"url\":\"https:\\\/\\\/bestdyno.com\\\/wp-content\\\/uploads\\\/2023\\\/02\\\/rotronics-log.png\",\"contentUrl\":\"https:\\\/\\\/bestdyno.com\\\/wp-content\\\/uploads\\\/2023\\\/02\\\/rotronics-log.png\",\"width\":696,\"height\":696,\"caption\":\"BestDyno - Rotronics\"},\"image\":{\"@id\":\"https:\\\/\\\/bestdyno.com\\\/de\\\/#\\\/schema\\\/logo\\\/image\\\/\"}}]}<\/script>\n<!-- \/ Yoast SEO plugin. -->","yoast_head_json":{"title":"Nachrichten","robots":{"index":"index","follow":"follow","max-snippet":"max-snippet:-1","max-image-preview":"max-image-preview:large","max-video-preview":"max-video-preview:-1"},"canonical":"https:\/\/bestdyno.com\/de\/nachrichten\/","og_locale":"de_DE","og_type":"article","og_title":"Nachrichten","og_url":"https:\/\/bestdyno.com\/de\/nachrichten\/","og_site_name":"BestDyno","article_modified_time":"2021-06-11T00:20:22+00:00","og_image":[{"width":1200,"height":675,"url":"https:\/\/bestdyno.com\/wp-content\/uploads\/2023\/02\/rotronics-logo.png","type":"image\/png"}],"twitter_card":"summary_large_image","twitter_misc":{"Gesch\u00e4tzte Lesezeit":"6\u00a0Minuten"},"schema":{"@context":"https:\/\/schema.org","@graph":[{"@type":"WebPage","@id":"https:\/\/bestdyno.com\/de\/nachrichten\/","url":"https:\/\/bestdyno.com\/de\/nachrichten\/","name":"Nachrichten","isPartOf":{"@id":"https:\/\/bestdyno.com\/de\/#website"},"datePublished":"2021-06-10T23:54:01+00:00","dateModified":"2021-06-11T00:20:22+00:00","inLanguage":"de","potentialAction":[{"@type":"ReadAction","target":["https:\/\/bestdyno.com\/de\/nachrichten\/"]}]},{"@type":"WebSite","@id":"https:\/\/bestdyno.com\/de\/#website","url":"https:\/\/bestdyno.com\/de\/","name":"BestDyno","description":"Leader du banc d&#039;essai","publisher":{"@id":"https:\/\/bestdyno.com\/de\/#organization"},"potentialAction":[{"@type":"SearchAction","target":{"@type":"EntryPoint","urlTemplate":"https:\/\/bestdyno.com\/de\/?s={search_term_string}"},"query-input":{"@type":"PropertyValueSpecification","valueRequired":true,"valueName":"search_term_string"}}],"inLanguage":"de"},{"@type":"Organization","@id":"https:\/\/bestdyno.com\/de\/#organization","name":"BestDyno - Rotronics","url":"https:\/\/bestdyno.com\/de\/","logo":{"@type":"ImageObject","inLanguage":"de","@id":"https:\/\/bestdyno.com\/de\/#\/schema\/logo\/image\/","url":"https:\/\/bestdyno.com\/wp-content\/uploads\/2023\/02\/rotronics-log.png","contentUrl":"https:\/\/bestdyno.com\/wp-content\/uploads\/2023\/02\/rotronics-log.png","width":696,"height":696,"caption":"BestDyno - Rotronics"},"image":{"@id":"https:\/\/bestdyno.com\/de\/#\/schema\/logo\/image\/"}}]}},"_links":{"self":[{"href":"https:\/\/bestdyno.com\/de\/wp-json\/wp\/v2\/pages\/5507","targetHints":{"allow":["GET"]}}],"collection":[{"href":"https:\/\/bestdyno.com\/de\/wp-json\/wp\/v2\/pages"}],"about":[{"href":"https:\/\/bestdyno.com\/de\/wp-json\/wp\/v2\/types\/page"}],"author":[{"embeddable":true,"href":"https:\/\/bestdyno.com\/de\/wp-json\/wp\/v2\/users\/1"}],"replies":[{"embeddable":true,"href":"https:\/\/bestdyno.com\/de\/wp-json\/wp\/v2\/comments?post=5507"}],"version-history":[{"count":4,"href":"https:\/\/bestdyno.com\/de\/wp-json\/wp\/v2\/pages\/5507\/revisions"}],"predecessor-version":[{"id":5708,"href":"https:\/\/bestdyno.com\/de\/wp-json\/wp\/v2\/pages\/5507\/revisions\/5708"}],"wp:attachment":[{"href":"https:\/\/bestdyno.com\/de\/wp-json\/wp\/v2\/media?parent=5507"}],"curies":[{"name":"wp","href":"https:\/\/api.w.org\/{rel}","templated":true}]}}