{"id":5633,"date":"2021-04-27T13:35:17","date_gmt":"2021-04-27T11:35:17","guid":{"rendered":"https:\/\/bestdyno.com\/dienstleistungen\/"},"modified":"2021-06-11T02:20:31","modified_gmt":"2021-06-11T00:20:31","slug":"dienstleistungen","status":"publish","type":"page","link":"https:\/\/bestdyno.com\/de\/dienstleistungen\/","title":{"rendered":"Dienstleistungen"},"content":{"rendered":"<p><div class=\"fusion-fullwidth fullwidth-box fusion-builder-row-1 fusion-flex-container nonhundred-percent-fullwidth non-hundred-percent-height-scrolling container-img-gauche\" style=\"--awb-border-radius-top-left:0px;--awb-border-radius-top-right:0px;--awb-border-radius-bottom-right:0px;--awb-border-radius-bottom-left:0px;--awb-flex-wrap:wrap;\" ><div class=\"fusion-builder-row fusion-row fusion-flex-align-items-center fusion-flex-justify-content-center fusion-flex-content-wrap\" style=\"max-width:1144px;margin-left: calc(-4% \/ 2 );margin-right: calc(-4% \/ 2 );\"><div class=\"fusion-layout-column fusion_builder_column fusion-builder-column-0 fusion_builder_column_1_1 1_1 fusion-flex-column\" style=\"--awb-bg-size:cover;--awb-width-large:100%;--awb-margin-top-large:0px;--awb-spacing-right-large:1.92%;--awb-margin-bottom-large:0px;--awb-spacing-left-large:1.92%;--awb-width-medium:100%;--awb-order-medium:0;--awb-spacing-right-medium:1.92%;--awb-spacing-left-medium:1.92%;--awb-width-small:100%;--awb-order-small:0;--awb-spacing-right-small:1.92%;--awb-spacing-left-small:1.92%;\"><div class=\"fusion-column-wrapper fusion-column-has-shadow fusion-flex-justify-content-flex-start fusion-content-layout-column\"><div class=\"fusion-text fusion-text-1\" style=\"--awb-content-alignment:center;\"><h1>Unsere Dienstleistungen<\/h1>\n<p>Anerkanntes und innovatives Know-how aus \u00fcber 30 Jahren<\/p>\n<\/div><\/div><\/div><\/div><\/div><div class=\"fusion-fullwidth fullwidth-box fusion-builder-row-2 fusion-flex-container nonhundred-percent-fullwidth non-hundred-percent-height-scrolling container-img-gauche\" style=\"--awb-border-radius-top-left:0px;--awb-border-radius-top-right:0px;--awb-border-radius-bottom-right:0px;--awb-border-radius-bottom-left:0px;--awb-flex-wrap:wrap;\" ><div class=\"fusion-builder-row fusion-row fusion-flex-align-items-center fusion-flex-justify-content-center fusion-flex-content-wrap\" style=\"max-width:1144px;margin-left: calc(-4% \/ 2 );margin-right: calc(-4% \/ 2 );\"><div class=\"fusion-layout-column fusion_builder_column fusion-builder-column-1 fusion_builder_column_2_5 2_5 fusion-flex-column\" style=\"--awb-bg-size:cover;--awb-width-large:40%;--awb-margin-top-large:0px;--awb-spacing-right-large:4.8%;--awb-margin-bottom-large:0px;--awb-spacing-left-large:4.8%;--awb-width-medium:100%;--awb-order-medium:0;--awb-spacing-right-medium:1.92%;--awb-spacing-left-medium:1.92%;--awb-width-small:100%;--awb-order-small:0;--awb-spacing-right-small:1.92%;--awb-spacing-left-small:1.92%;\"><div class=\"fusion-column-wrapper fusion-column-has-shadow fusion-flex-justify-content-flex-start fusion-content-layout-column\"><div class=\"fusion-image-element \" style=\"text-align:center;--awb-caption-title-font-family:var(--h2_typography-font-family);--awb-caption-title-font-weight:var(--h2_typography-font-weight);--awb-caption-title-font-style:var(--h2_typography-font-style);--awb-caption-title-size:var(--h2_typography-font-size);--awb-caption-title-transform:var(--h2_typography-text-transform);--awb-caption-title-line-height:var(--h2_typography-line-height);--awb-caption-title-letter-spacing:var(--h2_typography-letter-spacing);\"><span class=\" fusion-imageframe imageframe-none imageframe-1 hover-type-none\"><img decoding=\"async\" width=\"1024\" height=\"568\" title=\"20200113_133515\" src=\"https:\/\/bestdyno.com\/wp-content\/uploads\/2021\/04\/20200113_133515-scaled-e1619602792228-1024x568.jpg\" alt class=\"img-responsive wp-image-3851 \"\/><\/span><\/div><\/div><\/div><div class=\"fusion-layout-column fusion_builder_column fusion-builder-column-2 fusion_builder_column_3_5 3_5 fusion-flex-column\" style=\"--awb-bg-size:cover;--awb-width-large:60%;--awb-margin-top-large:0px;--awb-spacing-right-large:3.2%;--awb-margin-bottom-large:0px;--awb-spacing-left-large:3.2%;--awb-width-medium:100%;--awb-order-medium:0;--awb-spacing-right-medium:1.92%;--awb-spacing-left-medium:1.92%;--awb-width-small:100%;--awb-order-small:0;--awb-spacing-right-small:1.92%;--awb-spacing-left-small:1.92%;\"><div class=\"fusion-column-wrapper fusion-column-has-shadow fusion-flex-justify-content-flex-start fusion-content-layout-column\"><div class=\"fusion-text fusion-text-2\"><h2>Engagierter Kundenservice<\/h2>\n<p>Alle B\u00e4nke werden bei Rotronics in unseren R\u00e4umlichkeiten in La Roche sur Foron (Haute Savoie) entworfen, hergestellt und getestet.<\/p>\n<p>Alle unsere Sitzb\u00e4nke werden vor dem Verlassen unseres Hauses vom Kundendienst systematisch getestet.<\/p>\n<p>Der Rotronics-Kundendienst besteht aus 4 Ingenieuren und Technikern. Ihre Aufgabe ist es, die B\u00e4nke in Betrieb zu nehmen, zu kalibrieren und auch die Kundenbetreuung sicherzustellen.<\/p>\n<p>Eine Hotline wird von unseren Diensten bereitgestellt, um Ihre Erwartungen zu erf\u00fcllen.<\/p>\n<p>So erreichen Sie unseren technischen Support:<a href=\"mailto:support@rotronics.com\"> support@rotronics.com<\/a> und 04 50 03 04 80.<\/p>\n<p>W\u00e4hrend Ihrer Anrufe sind unsere Techniker m\u00f6glicherweise bereits online: Z\u00f6gern Sie nicht, eine Nachricht zu hinterlassen.<\/p>\n<\/div><\/div><\/div><\/div><\/div><div class=\"fusion-fullwidth fullwidth-box fusion-builder-row-3 fusion-flex-container nonhundred-percent-fullwidth non-hundred-percent-height-scrolling container-img-droite\" style=\"--awb-border-radius-top-left:0px;--awb-border-radius-top-right:0px;--awb-border-radius-bottom-right:0px;--awb-border-radius-bottom-left:0px;--awb-flex-wrap:wrap;\" ><div class=\"fusion-builder-row fusion-row fusion-flex-align-items-center fusion-flex-justify-content-center fusion-flex-content-wrap\" style=\"max-width:1144px;margin-left: calc(-4% \/ 2 );margin-right: calc(-4% \/ 2 );\"><div class=\"fusion-layout-column fusion_builder_column fusion-builder-column-3 fusion_builder_column_3_5 3_5 fusion-flex-column\" style=\"--awb-bg-size:cover;--awb-width-large:60%;--awb-margin-top-large:0px;--awb-spacing-right-large:3.2%;--awb-margin-bottom-large:0px;--awb-spacing-left-large:3.2%;--awb-width-medium:100%;--awb-order-medium:0;--awb-spacing-right-medium:1.92%;--awb-spacing-left-medium:1.92%;--awb-width-small:100%;--awb-order-small:0;--awb-spacing-right-small:1.92%;--awb-spacing-left-small:1.92%;\"><div class=\"fusion-column-wrapper fusion-column-has-shadow fusion-flex-justify-content-flex-start fusion-content-layout-column\"><div class=\"fusion-image-element fusion-no-medium-visibility fusion-no-large-visibility\" style=\"text-align:center;--awb-caption-title-font-family:var(--h2_typography-font-family);--awb-caption-title-font-weight:var(--h2_typography-font-weight);--awb-caption-title-font-style:var(--h2_typography-font-style);--awb-caption-title-size:var(--h2_typography-font-size);--awb-caption-title-transform:var(--h2_typography-text-transform);--awb-caption-title-line-height:var(--h2_typography-line-height);--awb-caption-title-letter-spacing:var(--h2_typography-letter-spacing);\"><span class=\" fusion-imageframe imageframe-none imageframe-2 hover-type-none\"><img decoding=\"async\" width=\"324\" height=\"60\" title=\"Logo-rts\" src=\"https:\/\/bestdyno.com\/wp-content\/uploads\/2021\/04\/Logo-rts.png\" alt class=\"img-responsive wp-image-2946 \" srcset=\"https:\/\/bestdyno.com\/wp-content\/uploads\/2021\/04\/Logo-rts-200x37.png 200w, https:\/\/bestdyno.com\/wp-content\/uploads\/2021\/04\/Logo-rts.png 324w\" sizes=\"(max-width: 1024px) 100vw, (max-width: 640px) 100vw, 324px\" \/><\/span><\/div><div class=\"fusion-text fusion-text-3\"><h2>MATERIALGARANTIE<\/h2>\n<p>Alle Ger\u00e4te werden verkauft nach<a href=\"https:\/\/bestdyno.com\/conditions-generales-de-ventes\/\"> Allgemeine Verkaufsbedingungen<\/a> s.<\/p>\n<p>Die gesamte Werkbank mit Ausnahme der folgenden Teile wird standardm\u00e4\u00dfig durch eine einj\u00e4hrige Werkstattgarantie abgedeckt.<\/p>\n<p>Die folgenden Artikel fallen nicht unter die Garantie:<\/p>\n<ul>\n<li>Die Lambdasonde<\/li>\n<li>Der G\u00fcrtel<\/li>\n<li>Notstopp-Bremsbel\u00e4ge<\/li>\n<li>Die Riemen.<\/li>\n<\/ul>\n<\/div><\/div><\/div><div class=\"fusion-layout-column fusion_builder_column fusion-builder-column-4 fusion_builder_column_2_5 2_5 fusion-flex-column fusion-no-small-visibility\" style=\"--awb-bg-size:cover;--awb-width-large:40%;--awb-margin-top-large:0px;--awb-spacing-right-large:4.8%;--awb-margin-bottom-large:0px;--awb-spacing-left-large:4.8%;--awb-width-medium:100%;--awb-order-medium:0;--awb-spacing-right-medium:1.92%;--awb-spacing-left-medium:1.92%;--awb-width-small:100%;--awb-order-small:0;--awb-spacing-right-small:1.92%;--awb-spacing-left-small:1.92%;\"><div class=\"fusion-column-wrapper fusion-column-has-shadow fusion-flex-justify-content-flex-start fusion-content-layout-column\"><div class=\"fusion-image-element \" style=\"text-align:center;--awb-caption-title-font-family:var(--h2_typography-font-family);--awb-caption-title-font-weight:var(--h2_typography-font-weight);--awb-caption-title-font-style:var(--h2_typography-font-style);--awb-caption-title-size:var(--h2_typography-font-size);--awb-caption-title-transform:var(--h2_typography-text-transform);--awb-caption-title-line-height:var(--h2_typography-line-height);--awb-caption-title-letter-spacing:var(--h2_typography-letter-spacing);\"><span class=\" fusion-imageframe imageframe-none imageframe-3 hover-type-none\"><img decoding=\"async\" width=\"324\" height=\"60\" title=\"Logo-rts\" src=\"https:\/\/bestdyno.com\/wp-content\/uploads\/2021\/04\/Logo-rts.png\" alt class=\"img-responsive wp-image-2946 \" srcset=\"https:\/\/bestdyno.com\/wp-content\/uploads\/2021\/04\/Logo-rts-200x37.png 200w, https:\/\/bestdyno.com\/wp-content\/uploads\/2021\/04\/Logo-rts.png 324w\" sizes=\"(max-width: 1024px) 100vw, (max-width: 640px) 100vw, 324px\" \/><\/span><\/div><\/div><\/div><\/div><\/div><div class=\"fusion-fullwidth fullwidth-box fusion-builder-row-4 fusion-flex-container nonhundred-percent-fullwidth non-hundred-percent-height-scrolling container-img-gauche\" style=\"--awb-border-radius-top-left:0px;--awb-border-radius-top-right:0px;--awb-border-radius-bottom-right:0px;--awb-border-radius-bottom-left:0px;--awb-flex-wrap:wrap;\" ><div class=\"fusion-builder-row fusion-row fusion-flex-align-items-center fusion-flex-justify-content-center fusion-flex-content-wrap\" style=\"max-width:1144px;margin-left: calc(-4% \/ 2 );margin-right: calc(-4% \/ 2 );\"><div class=\"fusion-layout-column fusion_builder_column fusion-builder-column-5 fusion_builder_column_2_5 2_5 fusion-flex-column\" style=\"--awb-bg-size:cover;--awb-width-large:40%;--awb-margin-top-large:0px;--awb-spacing-right-large:4.8%;--awb-margin-bottom-large:0px;--awb-spacing-left-large:4.8%;--awb-width-medium:100%;--awb-order-medium:0;--awb-spacing-right-medium:1.92%;--awb-spacing-left-medium:1.92%;--awb-width-small:100%;--awb-order-small:0;--awb-spacing-right-small:1.92%;--awb-spacing-left-small:1.92%;\"><div class=\"fusion-column-wrapper fusion-column-has-shadow fusion-flex-justify-content-flex-start fusion-content-layout-column\"><div class=\"fusion-image-element \" style=\"text-align:center;--awb-caption-title-font-family:var(--h2_typography-font-family);--awb-caption-title-font-weight:var(--h2_typography-font-weight);--awb-caption-title-font-style:var(--h2_typography-font-style);--awb-caption-title-size:var(--h2_typography-font-size);--awb-caption-title-transform:var(--h2_typography-text-transform);--awb-caption-title-line-height:var(--h2_typography-line-height);--awb-caption-title-letter-spacing:var(--h2_typography-letter-spacing);\"><span class=\" fusion-imageframe imageframe-none imageframe-4 hover-type-none\"><img decoding=\"async\" width=\"1024\" height=\"576\" title=\"chassis de cote page 2 easyscan\" src=\"https:\/\/bestdyno.com\/wp-content\/uploads\/2021\/04\/chassis-de-cote-page-2-easyscan-1024x576.png\" alt class=\"img-responsive wp-image-3695 \" srcset=\"https:\/\/bestdyno.com\/wp-content\/uploads\/2021\/04\/chassis-de-cote-page-2-easyscan-200x113.png 200w, https:\/\/bestdyno.com\/wp-content\/uploads\/2021\/04\/chassis-de-cote-page-2-easyscan-400x225.png 400w, https:\/\/bestdyno.com\/wp-content\/uploads\/2021\/04\/chassis-de-cote-page-2-easyscan-600x338.png 600w, https:\/\/bestdyno.com\/wp-content\/uploads\/2021\/04\/chassis-de-cote-page-2-easyscan-800x450.png 800w, https:\/\/bestdyno.com\/wp-content\/uploads\/2021\/04\/chassis-de-cote-page-2-easyscan-1200x675.png 1200w\" sizes=\"(max-width: 1024px) 100vw, (max-width: 640px) 100vw, 600px\" \/><\/span><\/div><\/div><\/div><div class=\"fusion-layout-column fusion_builder_column fusion-builder-column-6 fusion_builder_column_3_5 3_5 fusion-flex-column\" style=\"--awb-bg-size:cover;--awb-width-large:60%;--awb-margin-top-large:0px;--awb-spacing-right-large:3.2%;--awb-margin-bottom-large:0px;--awb-spacing-left-large:3.2%;--awb-width-medium:100%;--awb-order-medium:0;--awb-spacing-right-medium:1.92%;--awb-spacing-left-medium:1.92%;--awb-width-small:100%;--awb-order-small:0;--awb-spacing-right-small:1.92%;--awb-spacing-left-small:1.92%;\"><div class=\"fusion-column-wrapper fusion-column-has-shadow fusion-flex-justify-content-flex-start fusion-content-layout-column\"><div class=\"fusion-text fusion-text-4\"><h2>Wartungsvertr\u00e4ge<\/h2>\n<p>Wie alle Industrieanlagen erfordert die Wartungsbank Wartung, um in einem optimalen Betriebszustand gehalten zu werden.<\/p>\n<p>Es muss auch in einem korrekten Zustand gehalten werden, damit es lange h\u00e4lt (im Falle von \u00d6l in der Werkbank von einem Motor oder zu vorhandenem Reifenstaub ist es notwendig, die Bleche zu entfernen. Abdeckung, um verschmutzte Teile zu reinigen )<\/p>\n<p>Rotronics-Angebote<strong><a href=\"https:\/\/bestdyno.com\/de\/wartungsvertrag\/\"> Wartungsvertr\u00e4ge<\/a><\/strong> Erm\u00f6glichen des vorrangigen Zugriffs auf das Medium und verschiedene Operationen f\u00fcr ein Material, das in einem optimalen Funktionszustand gehalten wird.<\/p>\n<\/div><\/div><\/div><\/div><\/div><div class=\"fusion-fullwidth fullwidth-box fusion-builder-row-5 fusion-flex-container nonhundred-percent-fullwidth non-hundred-percent-height-scrolling container-img-droite\" style=\"--awb-border-radius-top-left:0px;--awb-border-radius-top-right:0px;--awb-border-radius-bottom-right:0px;--awb-border-radius-bottom-left:0px;--awb-flex-wrap:wrap;\" ><div class=\"fusion-builder-row fusion-row fusion-flex-align-items-center fusion-flex-justify-content-center fusion-flex-content-wrap\" style=\"max-width:1144px;margin-left: calc(-4% \/ 2 );margin-right: calc(-4% \/ 2 );\"><div class=\"fusion-layout-column fusion_builder_column fusion-builder-column-7 fusion_builder_column_3_5 3_5 fusion-flex-column\" style=\"--awb-bg-size:cover;--awb-width-large:60%;--awb-margin-top-large:0px;--awb-spacing-right-large:3.2%;--awb-margin-bottom-large:0px;--awb-spacing-left-large:3.2%;--awb-width-medium:100%;--awb-order-medium:0;--awb-spacing-right-medium:1.92%;--awb-spacing-left-medium:1.92%;--awb-width-small:100%;--awb-order-small:0;--awb-spacing-right-small:1.92%;--awb-spacing-left-small:1.92%;\"><div class=\"fusion-column-wrapper fusion-column-has-shadow fusion-flex-justify-content-flex-start fusion-content-layout-column\"><div class=\"fusion-image-element fusion-no-medium-visibility fusion-no-large-visibility\" style=\"text-align:center;--awb-caption-title-font-family:var(--h2_typography-font-family);--awb-caption-title-font-weight:var(--h2_typography-font-weight);--awb-caption-title-font-style:var(--h2_typography-font-style);--awb-caption-title-size:var(--h2_typography-font-size);--awb-caption-title-transform:var(--h2_typography-text-transform);--awb-caption-title-line-height:var(--h2_typography-line-height);--awb-caption-title-letter-spacing:var(--h2_typography-letter-spacing);\"><span class=\" fusion-imageframe imageframe-none imageframe-5 hover-type-none\"><img decoding=\"async\" width=\"225\" height=\"225\" title=\"t\u00e9l\u00e9chargement\" src=\"https:\/\/bestdyno.com\/wp-content\/uploads\/2021\/04\/telechargement.jpg\" alt class=\"img-responsive wp-image-3847 \" srcset=\"https:\/\/bestdyno.com\/wp-content\/uploads\/2021\/04\/telechargement-200x200.jpg 200w, https:\/\/bestdyno.com\/wp-content\/uploads\/2021\/04\/telechargement.jpg 225w\" sizes=\"(max-width: 1024px) 100vw, (max-width: 640px) 100vw, 225px\" \/><\/span><\/div><div class=\"fusion-text fusion-text-5\"><h2>\u00dcBERNEHMEN DER FERNBEDIENUNG<\/h2>\n<p>Rotronics kann die Bank aus der Ferne steuern.<\/p>\n<p>Dazu muss Ihre Bank mit dem Internet verbunden sein.<\/p>\n<p>Sobald der Computer mit dem Internet verbunden ist, starten Sie bitte die TeamViewer-Software, damit wir die Kontrolle \u00fcber Ihre Bank \u00fcbernehmen k\u00f6nnen.<\/p>\n<p>Beachten Sie, dass die Bank f\u00fcr den Betrieb keine Internetverbindung ben\u00f6tigt und nur zu Supportzwecken dient.<\/p>\n<p>Bitte klicken Sie auf das Bild rechts, um die Software herunterzuladen, die die Fernsteuerung erm\u00f6glicht.<\/p>\n<p>Beachten Sie auch, dass ohne Ihr Wissen keine Informationen von Ihrer Bank an Rotronics \u00fcbermittelt werden.<\/p>\n<\/div><\/div><\/div><div class=\"fusion-layout-column fusion_builder_column fusion-builder-column-8 fusion_builder_column_2_5 2_5 fusion-flex-column fusion-no-small-visibility\" style=\"--awb-bg-size:cover;--awb-width-large:40%;--awb-margin-top-large:0px;--awb-spacing-right-large:4.8%;--awb-margin-bottom-large:0px;--awb-spacing-left-large:4.8%;--awb-width-medium:100%;--awb-order-medium:0;--awb-spacing-right-medium:1.92%;--awb-spacing-left-medium:1.92%;--awb-width-small:100%;--awb-order-small:0;--awb-spacing-right-small:1.92%;--awb-spacing-left-small:1.92%;\"><div class=\"fusion-column-wrapper fusion-column-has-shadow fusion-flex-justify-content-flex-start fusion-content-layout-column\"><div class=\"fusion-image-element \" style=\"text-align:center;--awb-caption-title-font-family:var(--h2_typography-font-family);--awb-caption-title-font-weight:var(--h2_typography-font-weight);--awb-caption-title-font-style:var(--h2_typography-font-style);--awb-caption-title-size:var(--h2_typography-font-size);--awb-caption-title-transform:var(--h2_typography-text-transform);--awb-caption-title-line-height:var(--h2_typography-line-height);--awb-caption-title-letter-spacing:var(--h2_typography-letter-spacing);\"><span class=\" fusion-imageframe imageframe-none imageframe-6 hover-type-none\"><a class=\"fusion-no-lightbox\" href=\"https:\/\/bestdyno.com\/wp-content\/uploads\/2021\/Rotronics_QS11.zip\" target=\"_self\" aria-label=\"t\u00e9l\u00e9chargement\"><img decoding=\"async\" width=\"225\" height=\"225\" src=\"https:\/\/bestdyno.com\/wp-content\/uploads\/2021\/04\/telechargement.jpg\" alt class=\"img-responsive wp-image-3847 \" srcset=\"https:\/\/bestdyno.com\/wp-content\/uploads\/2021\/04\/telechargement-200x200.jpg 200w, https:\/\/bestdyno.com\/wp-content\/uploads\/2021\/04\/telechargement.jpg 225w\" sizes=\"(max-width: 1024px) 100vw, (max-width: 640px) 100vw, 225px\" \/><\/a><\/span><\/div><\/div><\/div><\/div><\/div><\/p>\n","protected":false},"excerpt":{"rendered":"","protected":false},"author":2,"featured_media":0,"parent":0,"menu_order":0,"comment_status":"closed","ping_status":"closed","template":"100-width.php","meta":{"footnotes":""},"class_list":["post-5633","page","type-page","status-publish","hentry"],"yoast_head":"<!-- This site is optimized with the Yoast SEO plugin v27.4 - https:\/\/yoast.com\/product\/yoast-seo-wordpress\/ -->\n<title>Dienstleistungen<\/title>\n<meta name=\"robots\" content=\"index, follow, max-snippet:-1, max-image-preview:large, max-video-preview:-1\" \/>\n<link rel=\"canonical\" href=\"https:\/\/bestdyno.com\/de\/dienstleistungen\/\" \/>\n<meta property=\"og:locale\" content=\"de_DE\" \/>\n<meta property=\"og:type\" content=\"article\" \/>\n<meta property=\"og:title\" content=\"Dienstleistungen\" \/>\n<meta property=\"og:url\" content=\"https:\/\/bestdyno.com\/de\/dienstleistungen\/\" \/>\n<meta property=\"og:site_name\" content=\"BestDyno\" \/>\n<meta property=\"article:modified_time\" content=\"2021-06-11T00:20:31+00:00\" \/>\n<meta property=\"og:image\" content=\"https:\/\/bestdyno.com\/wp-content\/uploads\/2023\/02\/rotronics-logo.png\" \/>\n\t<meta property=\"og:image:width\" content=\"1200\" \/>\n\t<meta property=\"og:image:height\" content=\"675\" \/>\n\t<meta property=\"og:image:type\" content=\"image\/png\" \/>\n<meta name=\"twitter:card\" content=\"summary_large_image\" \/>\n<meta name=\"twitter:label1\" content=\"Gesch\u00e4tzte Lesezeit\" \/>\n\t<meta name=\"twitter:data1\" content=\"27\u00a0Minuten\" \/>\n<script type=\"application\/ld+json\" class=\"yoast-schema-graph\">{\"@context\":\"https:\\\/\\\/schema.org\",\"@graph\":[{\"@type\":\"WebPage\",\"@id\":\"https:\\\/\\\/bestdyno.com\\\/de\\\/dienstleistungen\\\/\",\"url\":\"https:\\\/\\\/bestdyno.com\\\/de\\\/dienstleistungen\\\/\",\"name\":\"Dienstleistungen\",\"isPartOf\":{\"@id\":\"https:\\\/\\\/bestdyno.com\\\/de\\\/#website\"},\"datePublished\":\"2021-04-27T11:35:17+00:00\",\"dateModified\":\"2021-06-11T00:20:31+00:00\",\"inLanguage\":\"de\",\"potentialAction\":[{\"@type\":\"ReadAction\",\"target\":[\"https:\\\/\\\/bestdyno.com\\\/de\\\/dienstleistungen\\\/\"]}]},{\"@type\":\"WebSite\",\"@id\":\"https:\\\/\\\/bestdyno.com\\\/de\\\/#website\",\"url\":\"https:\\\/\\\/bestdyno.com\\\/de\\\/\",\"name\":\"BestDyno\",\"description\":\"Leader du banc d&#039;essai\",\"publisher\":{\"@id\":\"https:\\\/\\\/bestdyno.com\\\/de\\\/#organization\"},\"potentialAction\":[{\"@type\":\"SearchAction\",\"target\":{\"@type\":\"EntryPoint\",\"urlTemplate\":\"https:\\\/\\\/bestdyno.com\\\/de\\\/?s={search_term_string}\"},\"query-input\":{\"@type\":\"PropertyValueSpecification\",\"valueRequired\":true,\"valueName\":\"search_term_string\"}}],\"inLanguage\":\"de\"},{\"@type\":\"Organization\",\"@id\":\"https:\\\/\\\/bestdyno.com\\\/de\\\/#organization\",\"name\":\"BestDyno - Rotronics\",\"url\":\"https:\\\/\\\/bestdyno.com\\\/de\\\/\",\"logo\":{\"@type\":\"ImageObject\",\"inLanguage\":\"de\",\"@id\":\"https:\\\/\\\/bestdyno.com\\\/de\\\/#\\\/schema\\\/logo\\\/image\\\/\",\"url\":\"https:\\\/\\\/bestdyno.com\\\/wp-content\\\/uploads\\\/2023\\\/02\\\/rotronics-log.png\",\"contentUrl\":\"https:\\\/\\\/bestdyno.com\\\/wp-content\\\/uploads\\\/2023\\\/02\\\/rotronics-log.png\",\"width\":696,\"height\":696,\"caption\":\"BestDyno - Rotronics\"},\"image\":{\"@id\":\"https:\\\/\\\/bestdyno.com\\\/de\\\/#\\\/schema\\\/logo\\\/image\\\/\"}}]}<\/script>\n<!-- \/ Yoast SEO plugin. -->","yoast_head_json":{"title":"Dienstleistungen","robots":{"index":"index","follow":"follow","max-snippet":"max-snippet:-1","max-image-preview":"max-image-preview:large","max-video-preview":"max-video-preview:-1"},"canonical":"https:\/\/bestdyno.com\/de\/dienstleistungen\/","og_locale":"de_DE","og_type":"article","og_title":"Dienstleistungen","og_url":"https:\/\/bestdyno.com\/de\/dienstleistungen\/","og_site_name":"BestDyno","article_modified_time":"2021-06-11T00:20:31+00:00","og_image":[{"width":1200,"height":675,"url":"https:\/\/bestdyno.com\/wp-content\/uploads\/2023\/02\/rotronics-logo.png","type":"image\/png"}],"twitter_card":"summary_large_image","twitter_misc":{"Gesch\u00e4tzte Lesezeit":"27\u00a0Minuten"},"schema":{"@context":"https:\/\/schema.org","@graph":[{"@type":"WebPage","@id":"https:\/\/bestdyno.com\/de\/dienstleistungen\/","url":"https:\/\/bestdyno.com\/de\/dienstleistungen\/","name":"Dienstleistungen","isPartOf":{"@id":"https:\/\/bestdyno.com\/de\/#website"},"datePublished":"2021-04-27T11:35:17+00:00","dateModified":"2021-06-11T00:20:31+00:00","inLanguage":"de","potentialAction":[{"@type":"ReadAction","target":["https:\/\/bestdyno.com\/de\/dienstleistungen\/"]}]},{"@type":"WebSite","@id":"https:\/\/bestdyno.com\/de\/#website","url":"https:\/\/bestdyno.com\/de\/","name":"BestDyno","description":"Leader du banc d&#039;essai","publisher":{"@id":"https:\/\/bestdyno.com\/de\/#organization"},"potentialAction":[{"@type":"SearchAction","target":{"@type":"EntryPoint","urlTemplate":"https:\/\/bestdyno.com\/de\/?s={search_term_string}"},"query-input":{"@type":"PropertyValueSpecification","valueRequired":true,"valueName":"search_term_string"}}],"inLanguage":"de"},{"@type":"Organization","@id":"https:\/\/bestdyno.com\/de\/#organization","name":"BestDyno - Rotronics","url":"https:\/\/bestdyno.com\/de\/","logo":{"@type":"ImageObject","inLanguage":"de","@id":"https:\/\/bestdyno.com\/de\/#\/schema\/logo\/image\/","url":"https:\/\/bestdyno.com\/wp-content\/uploads\/2023\/02\/rotronics-log.png","contentUrl":"https:\/\/bestdyno.com\/wp-content\/uploads\/2023\/02\/rotronics-log.png","width":696,"height":696,"caption":"BestDyno - Rotronics"},"image":{"@id":"https:\/\/bestdyno.com\/de\/#\/schema\/logo\/image\/"}}]}},"_links":{"self":[{"href":"https:\/\/bestdyno.com\/de\/wp-json\/wp\/v2\/pages\/5633","targetHints":{"allow":["GET"]}}],"collection":[{"href":"https:\/\/bestdyno.com\/de\/wp-json\/wp\/v2\/pages"}],"about":[{"href":"https:\/\/bestdyno.com\/de\/wp-json\/wp\/v2\/types\/page"}],"author":[{"embeddable":true,"href":"https:\/\/bestdyno.com\/de\/wp-json\/wp\/v2\/users\/2"}],"replies":[{"embeddable":true,"href":"https:\/\/bestdyno.com\/de\/wp-json\/wp\/v2\/comments?post=5633"}],"version-history":[{"count":4,"href":"https:\/\/bestdyno.com\/de\/wp-json\/wp\/v2\/pages\/5633\/revisions"}],"predecessor-version":[{"id":5716,"href":"https:\/\/bestdyno.com\/de\/wp-json\/wp\/v2\/pages\/5633\/revisions\/5716"}],"wp:attachment":[{"href":"https:\/\/bestdyno.com\/de\/wp-json\/wp\/v2\/media?parent=5633"}],"curies":[{"name":"wp","href":"https:\/\/api.w.org\/{rel}","templated":true}]}}