{"id":4727,"date":"2021-06-10T12:53:34","date_gmt":"2021-06-10T10:53:34","guid":{"rendered":"https:\/\/bestdyno.com\/terms-and-conditions\/"},"modified":"2021-07-26T14:51:10","modified_gmt":"2021-07-26T12:51:10","slug":"terms-and-conditions","status":"publish","type":"page","link":"https:\/\/bestdyno.com\/en\/terms-and-conditions\/","title":{"rendered":"Terms and conditions"},"content":{"rendered":"<div class=\"fusion-fullwidth fullwidth-box fusion-builder-row-1 fusion-flex-container nonhundred-percent-fullwidth non-hundred-percent-height-scrolling container-img-gauche container-gris\" style=\"--awb-border-radius-top-left:0px;--awb-border-radius-top-right:0px;--awb-border-radius-bottom-right:0px;--awb-border-radius-bottom-left:0px;--awb-flex-wrap:wrap;\" ><div class=\"fusion-builder-row fusion-row fusion-flex-align-items-center fusion-flex-justify-content-center fusion-flex-content-wrap\" style=\"max-width:1144px;margin-left: calc(-4% \/ 2 );margin-right: calc(-4% \/ 2 );\"><div class=\"fusion-layout-column fusion_builder_column fusion-builder-column-0 fusion_builder_column_3_5 3_5 fusion-flex-column\" style=\"--awb-bg-size:cover;--awb-width-large:60%;--awb-margin-top-large:0px;--awb-spacing-right-large:3.2%;--awb-margin-bottom-large:0px;--awb-spacing-left-large:3.2%;--awb-width-medium:100%;--awb-order-medium:0;--awb-spacing-right-medium:1.92%;--awb-spacing-left-medium:1.92%;--awb-width-small:100%;--awb-order-small:0;--awb-spacing-right-small:1.92%;--awb-spacing-left-small:1.92%;\"><div class=\"fusion-column-wrapper fusion-column-has-shadow fusion-flex-justify-content-flex-start fusion-content-layout-column\"><div class=\"fusion-text fusion-text-1\"><h3>Terms and conditions<\/h3>\n<h4>1. General<\/h4>\n<p>Any order automatically implies unconditional acceptance of the buyer following all the conditions described in this document, regardless of the terms which may appear on customer documents, including its terms of purchase.<\/p>\n<h4>2 &#8211; Price<\/h4>\n<p>Nos prix sont sp\u00e9cifi\u00e9s dans l\u2019offre commerciale et s&#8217;entendent Hors Taxes, pour le mat\u00e9riel, d\u00e9part de nos ateliers \u00e0 La<br \/>\nRoche sur Foron, port et emballage en sus.<br \/>\nLes conditions de paiement sont pr\u00e9cis\u00e9es dans l&#8217;offre, sinon le payement<br \/>\nest exigible par ch\u00e8que \u00e0 r\u00e9ception de la facture.<br \/>\nD&#8217;autre part, les int\u00e9r\u00eats de retard seront automatiquement et de plein droit per\u00e7us du jour de l&#8217;\u00e9ch\u00e9ance au jour de<br \/>\nr\u00e8glement au taux annuel \u00e9gal \u00e0 trois fois le taux de l\u2019int\u00e9r\u00eat l\u00e9gal.<br \/>\nL&#8217;escompte pour r\u00e8glement anticip\u00e9 est de 0,5% par<br \/>\nmois, prorata temporis.<\/p>\n<h4>3 &#8211; Offers<\/h4>\n<p>Our offers remain valid for a period of 30 days. Orders must be confirmed in a signed writing<br \/>\nto which are attached the present general conditions of sale also signed by the purchaser.<\/p>\n<h4>4 &#8211; Delivery<\/h4>\n<p>The delivery times indicated by our quotes or acknowledgment of receipt, run from the date we are in<br \/>\npossession of all the technical information necessary for the execution of the order. In the event that the<br \/>\nsales contract includes a payment term when ordering, the deadlines run from receipt of payment<br \/>\nof this term. Delivery times are observed as far as possible. Delays cannot justify<br \/>\nthe cancellation of the order or the application of a penalty, unless special agreements are made.<br \/>\nThe buyer is required to check the apparent condition of the equipment upon delivery. In the absence of express reservations<br \/>\nformulated in writing, by the latter, within 48 hours of delivery, the material delivered by<br \/>\nROTRONICS is deemed to comply with the order.<\/p>\n<h4>5 &#8211; Guarantee<\/h4>\n<p>The material warranty against any defect in construction or operation is one year from the date of<br \/>\ndelivery. The warranty is limited to outright free replacement or repair in our parts workshops.<br \/>\nrecognized as defective and which remain our property, without any damage-interest being able to come to our load.<br \/>\nRepairs or replacements cannot have the effect of extending the warranty period. The warranty does not<br \/>\nnot applicable to repairs resulting from normal wear and tear of devices, damage or accidents<br \/>\nresulting from negligence, lack of supervision or maintenance, faulty use or incorrect assembly due to<br \/>\nthe possible absence of installation instructions or cases of force majeure.<br \/>\nOur guarantee is limited to the price of the invoiced material.<\/p>\n<h4>6 &#8211; Ownership<\/h4>\n<p>Sales will only be perfect after payment of the full price. As long as the price has not been paid in full,<br \/>\nthe material will remain the property of ROTRONICS. (Law 80335 of May 12, 1980). The transfer of ownership of<br \/>\ndelivered goods, will only take place after full payment of the stipulated price. The buyer will, however, assume<br \/>\nfrom the delivery, in his capacity as custodian, the responsibility for the risks inherent in the possession of the equipment (Theft,<br \/>\nloss, destruction &#8230;) and must be insured accordingly at its own expense.<\/p>\n<h4>7 &#8211; Return of goods<\/h4>\n<p>No return will be accepted without our prior written agreement, possible transport and restocking costs.<br \/>\nbeing the responsibility of the customer.<\/p>\n<h4>8 &#8211; Studies and projects<\/h4>\n<p>Studies and documents of any kind delivered and sent by us always remain our sole property. They must<br \/>\nbe returned to us on request. We keep the intellectual property of our projects, studies and documents that do not<br \/>\nmay be disclosed or performed without our written permission.<\/p>\n<h4>9 &#8211; Responsibilities<\/h4>\n<p>When the customer entrusts ROTRONICS, for whatever reasons, with a magnetic data medium,<br \/>\nROTRONICS cannot take any responsibility for the loss of magnetic data, whatever<br \/>\nwhether. It is the customer&#8217;s responsibility to make the necessary data backups beforehand.<\/p>\n<h4>10 &#8211; Dispute<\/h4>\n<p>In the event of a dispute relating to the supply or its payment, the Annecy Commercial Court is alone.<br \/>\ncompetent.<\/p>\n<h4>11 &#8211; Applicable law &#8211; Language of the contract<\/h4>\n<p>By express agreement between the parties, these general conditions of sale and the purchase and<br \/>\nresulting sales are governed by French law.<br \/>\nThey are written in French. In the event that they are translated into one or more languages, only the<br \/>\nFrench text would prevail in the event of a dispute.<\/p>\n<h4>12 &#8211; Buyer&#8217;s acceptance<\/h4>\n<p>The present general conditions of sale as well as the commercial offer, are expressly approved and accepted.<br \/>\nby the buyer, who declares and acknowledges having perfect knowledge of it, and therefore waives the right to take advantage of any<br \/>\ncontradictory document and, in particular, its own general purchasing conditions.<\/p>\n<\/div><\/div><\/div><\/div><\/div>\n","protected":false},"excerpt":{"rendered":"","protected":false},"author":2,"featured_media":0,"parent":0,"menu_order":0,"comment_status":"closed","ping_status":"closed","template":"100-width.php","meta":{"footnotes":""},"class_list":["post-4727","page","type-page","status-publish","hentry"],"yoast_head":"<!-- This site is optimized with the Yoast SEO plugin v27.4 - https:\/\/yoast.com\/product\/yoast-seo-wordpress\/ -->\n<title>Terms and conditions<\/title>\n<meta name=\"robots\" content=\"index, follow, max-snippet:-1, max-image-preview:large, max-video-preview:-1\" \/>\n<link rel=\"canonical\" href=\"https:\/\/bestdyno.com\/en\/terms-and-conditions\/\" \/>\n<meta property=\"og:locale\" content=\"en_US\" \/>\n<meta property=\"og:type\" content=\"article\" \/>\n<meta property=\"og:title\" content=\"Terms and conditions\" \/>\n<meta property=\"og:url\" content=\"https:\/\/bestdyno.com\/en\/terms-and-conditions\/\" \/>\n<meta property=\"og:site_name\" content=\"BestDyno\" \/>\n<meta property=\"article:modified_time\" content=\"2021-07-26T12:51:10+00:00\" \/>\n<meta property=\"og:image\" content=\"https:\/\/bestdyno.com\/wp-content\/uploads\/2023\/02\/rotronics-logo.png\" \/>\n\t<meta property=\"og:image:width\" content=\"1200\" \/>\n\t<meta property=\"og:image:height\" content=\"675\" \/>\n\t<meta property=\"og:image:type\" content=\"image\/png\" \/>\n<meta name=\"twitter:card\" content=\"summary_large_image\" \/>\n<meta name=\"twitter:label1\" content=\"Est. reading time\" \/>\n\t<meta name=\"twitter:data1\" content=\"7 minutes\" \/>\n<script type=\"application\/ld+json\" class=\"yoast-schema-graph\">{\"@context\":\"https:\\\/\\\/schema.org\",\"@graph\":[{\"@type\":\"WebPage\",\"@id\":\"https:\\\/\\\/bestdyno.com\\\/en\\\/terms-and-conditions\\\/\",\"url\":\"https:\\\/\\\/bestdyno.com\\\/en\\\/terms-and-conditions\\\/\",\"name\":\"Terms and conditions\",\"isPartOf\":{\"@id\":\"https:\\\/\\\/bestdyno.com\\\/en\\\/#website\"},\"datePublished\":\"2021-06-10T10:53:34+00:00\",\"dateModified\":\"2021-07-26T12:51:10+00:00\",\"inLanguage\":\"en-US\",\"potentialAction\":[{\"@type\":\"ReadAction\",\"target\":[\"https:\\\/\\\/bestdyno.com\\\/en\\\/terms-and-conditions\\\/\"]}]},{\"@type\":\"WebSite\",\"@id\":\"https:\\\/\\\/bestdyno.com\\\/en\\\/#website\",\"url\":\"https:\\\/\\\/bestdyno.com\\\/en\\\/\",\"name\":\"BestDyno\",\"description\":\"Leader du banc d&#039;essai\",\"publisher\":{\"@id\":\"https:\\\/\\\/bestdyno.com\\\/en\\\/#organization\"},\"potentialAction\":[{\"@type\":\"SearchAction\",\"target\":{\"@type\":\"EntryPoint\",\"urlTemplate\":\"https:\\\/\\\/bestdyno.com\\\/en\\\/?s={search_term_string}\"},\"query-input\":{\"@type\":\"PropertyValueSpecification\",\"valueRequired\":true,\"valueName\":\"search_term_string\"}}],\"inLanguage\":\"en-US\"},{\"@type\":\"Organization\",\"@id\":\"https:\\\/\\\/bestdyno.com\\\/en\\\/#organization\",\"name\":\"BestDyno - Rotronics\",\"url\":\"https:\\\/\\\/bestdyno.com\\\/en\\\/\",\"logo\":{\"@type\":\"ImageObject\",\"inLanguage\":\"en-US\",\"@id\":\"https:\\\/\\\/bestdyno.com\\\/en\\\/#\\\/schema\\\/logo\\\/image\\\/\",\"url\":\"https:\\\/\\\/bestdyno.com\\\/wp-content\\\/uploads\\\/2023\\\/02\\\/rotronics-log.png\",\"contentUrl\":\"https:\\\/\\\/bestdyno.com\\\/wp-content\\\/uploads\\\/2023\\\/02\\\/rotronics-log.png\",\"width\":696,\"height\":696,\"caption\":\"BestDyno - Rotronics\"},\"image\":{\"@id\":\"https:\\\/\\\/bestdyno.com\\\/en\\\/#\\\/schema\\\/logo\\\/image\\\/\"}}]}<\/script>\n<!-- \/ Yoast SEO plugin. -->","yoast_head_json":{"title":"Terms and conditions","robots":{"index":"index","follow":"follow","max-snippet":"max-snippet:-1","max-image-preview":"max-image-preview:large","max-video-preview":"max-video-preview:-1"},"canonical":"https:\/\/bestdyno.com\/en\/terms-and-conditions\/","og_locale":"en_US","og_type":"article","og_title":"Terms and conditions","og_url":"https:\/\/bestdyno.com\/en\/terms-and-conditions\/","og_site_name":"BestDyno","article_modified_time":"2021-07-26T12:51:10+00:00","og_image":[{"width":1200,"height":675,"url":"https:\/\/bestdyno.com\/wp-content\/uploads\/2023\/02\/rotronics-logo.png","type":"image\/png"}],"twitter_card":"summary_large_image","twitter_misc":{"Est. reading time":"7 minutes"},"schema":{"@context":"https:\/\/schema.org","@graph":[{"@type":"WebPage","@id":"https:\/\/bestdyno.com\/en\/terms-and-conditions\/","url":"https:\/\/bestdyno.com\/en\/terms-and-conditions\/","name":"Terms and conditions","isPartOf":{"@id":"https:\/\/bestdyno.com\/en\/#website"},"datePublished":"2021-06-10T10:53:34+00:00","dateModified":"2021-07-26T12:51:10+00:00","inLanguage":"en-US","potentialAction":[{"@type":"ReadAction","target":["https:\/\/bestdyno.com\/en\/terms-and-conditions\/"]}]},{"@type":"WebSite","@id":"https:\/\/bestdyno.com\/en\/#website","url":"https:\/\/bestdyno.com\/en\/","name":"BestDyno","description":"Leader du banc d&#039;essai","publisher":{"@id":"https:\/\/bestdyno.com\/en\/#organization"},"potentialAction":[{"@type":"SearchAction","target":{"@type":"EntryPoint","urlTemplate":"https:\/\/bestdyno.com\/en\/?s={search_term_string}"},"query-input":{"@type":"PropertyValueSpecification","valueRequired":true,"valueName":"search_term_string"}}],"inLanguage":"en-US"},{"@type":"Organization","@id":"https:\/\/bestdyno.com\/en\/#organization","name":"BestDyno - Rotronics","url":"https:\/\/bestdyno.com\/en\/","logo":{"@type":"ImageObject","inLanguage":"en-US","@id":"https:\/\/bestdyno.com\/en\/#\/schema\/logo\/image\/","url":"https:\/\/bestdyno.com\/wp-content\/uploads\/2023\/02\/rotronics-log.png","contentUrl":"https:\/\/bestdyno.com\/wp-content\/uploads\/2023\/02\/rotronics-log.png","width":696,"height":696,"caption":"BestDyno - Rotronics"},"image":{"@id":"https:\/\/bestdyno.com\/en\/#\/schema\/logo\/image\/"}}]}},"_links":{"self":[{"href":"https:\/\/bestdyno.com\/en\/wp-json\/wp\/v2\/pages\/4727","targetHints":{"allow":["GET"]}}],"collection":[{"href":"https:\/\/bestdyno.com\/en\/wp-json\/wp\/v2\/pages"}],"about":[{"href":"https:\/\/bestdyno.com\/en\/wp-json\/wp\/v2\/types\/page"}],"author":[{"embeddable":true,"href":"https:\/\/bestdyno.com\/en\/wp-json\/wp\/v2\/users\/2"}],"replies":[{"embeddable":true,"href":"https:\/\/bestdyno.com\/en\/wp-json\/wp\/v2\/comments?post=4727"}],"version-history":[{"count":5,"href":"https:\/\/bestdyno.com\/en\/wp-json\/wp\/v2\/pages\/4727\/revisions"}],"predecessor-version":[{"id":7058,"href":"https:\/\/bestdyno.com\/en\/wp-json\/wp\/v2\/pages\/4727\/revisions\/7058"}],"wp:attachment":[{"href":"https:\/\/bestdyno.com\/en\/wp-json\/wp\/v2\/media?parent=4727"}],"curies":[{"name":"wp","href":"https:\/\/api.w.org\/{rel}","templated":true}]}}